{"id":55,"date":"2020-12-11T10:50:58","date_gmt":"2020-12-11T09:50:58","guid":{"rendered":"http:\/\/rdbohinj.si\/it\/?page_id=55"},"modified":"2021-01-14T11:48:09","modified_gmt":"2021-01-14T10:48:09","slug":"home","status":"publish","type":"page","link":"https:\/\/rdbohinj.si\/it\/","title":{"rendered":""},"content":{"rendered":"<div id=\"attachment_273\" style=\"width: 210px\" class=\"wp-caption alignright\"><img loading=\"lazy\" decoding=\"async\" aria-describedby=\"caption-attachment-273\" class=\"wp-image-273 size-medium\" src=\"http:\/\/rdbohinj.si\/wp-content\/uploads\/2020\/11\/DSC_0514-Large-200x300.jpg\" alt=\"\" width=\"200\" height=\"300\"><p id=\"caption-attachment-273\" class=\"wp-caption-text\">Lago di Bohinj<\/p><\/div>\n<p>La famiglia di pescatori di Bohinj \u00e8 stata fondata il 31 gennaio 1999 su iniziativa di dieci appassionati di Bohinj e ha operato inizialmente come Associazione di pescatori di Bohinj. Successivamente, su decisione dell&#8217;assemblea dei membri, \u00e8 stata ribattezzata Famiglia di pescatori di Bohinj e ha assunto la gestione del distretto di pesca di Bohinj.<\/p>\n<p>Oltre all&#8217;anno di fondazione, il 2008 \u00e8 stato anche un punto di svolta, perch\u00e9 in quel periodo il Comune di Bohinj concedeva un edificio proprio sul terreno, dove successivamente inizi\u00f2 la costruzione di una casa dei pescatori piu&#8217; edifico per allevamento dei pesci autoctoni. Nell&#8217;ottobre dello stesso anno \u00e8 stato firmato un accordo di concessione con il Ministero dell&#8217;Agricoltura della Repubblica di Slovenia, in base al quale i pescatori di Bohinj hanno il diritto e il dovere di gestire il distretto di pesca di Bohinj per un periodo di 30 anni.<br \/>\nLa missione della famiglia di pescatori \u00e8 socializzare i pescatori, preservare la natura pulita e incontaminata, prendersi cura della vita acquatica nelle nostre acque, sensibilizzare le persone, in particolare i giovani e tutti noi che viviamo in questo ambiente, a rispettare la natura e trovare la sua pace e contentezza.<\/p>\n<p>La pesca a Bohinj ha una storia ricca e varia. Nel 1942, a Bohinjska Bistrica, vicino al castello di Zois, fu costruita una dei primi allevamenti ittici d&#8217;Europa, che all&#8217;epoca era molto moderno. Citiamo anche l&#8217;allevamento ittico sotto Pr\u0161ivec, dove ogni anno venivano allevati fino a due milioni di temoli, nutriti esclusivamente con plancton, pescato nel lago di Bohinj.<\/p>\n","protected":false},"excerpt":{"rendered":"<p>La famiglia di pescatori di Bohinj \u00e8 stata fondata il 31 gennaio 1999 su iniziativa di dieci appassionati di Bohinj e ha operato inizialmente come Associazione di pescatori di Bohinj. Successivamente, su decisione dell&#8217;assemblea dei membri, \u00e8 stata ribattezzata Famiglia di pescatori di Bohinj e ha assunto la gestione del distretto di pesca di Bohinj. [&hellip;]<\/p>\n","protected":false},"author":1,"featured_media":0,"parent":0,"menu_order":0,"comment_status":"closed","ping_status":"closed","template":"","meta":{"ngg_post_thumbnail":0,"footnotes":""},"class_list":["post-55","page","type-page","status-publish","hentry"],"_links":{"self":[{"href":"https:\/\/rdbohinj.si\/it\/wp-json\/wp\/v2\/pages\/55","targetHints":{"allow":["GET"]}}],"collection":[{"href":"https:\/\/rdbohinj.si\/it\/wp-json\/wp\/v2\/pages"}],"about":[{"href":"https:\/\/rdbohinj.si\/it\/wp-json\/wp\/v2\/types\/page"}],"author":[{"embeddable":true,"href":"https:\/\/rdbohinj.si\/it\/wp-json\/wp\/v2\/users\/1"}],"replies":[{"embeddable":true,"href":"https:\/\/rdbohinj.si\/it\/wp-json\/wp\/v2\/comments?post=55"}],"version-history":[{"count":4,"href":"https:\/\/rdbohinj.si\/it\/wp-json\/wp\/v2\/pages\/55\/revisions"}],"predecessor-version":[{"id":256,"href":"https:\/\/rdbohinj.si\/it\/wp-json\/wp\/v2\/pages\/55\/revisions\/256"}],"wp:attachment":[{"href":"https:\/\/rdbohinj.si\/it\/wp-json\/wp\/v2\/media?parent=55"}],"curies":[{"name":"wp","href":"https:\/\/api.w.org\/{rel}","templated":true}]}}