{"id":68,"date":"2020-12-09T11:11:50","date_gmt":"2020-12-09T10:11:50","guid":{"rendered":"http:\/\/rdbohinj.si\/de\/?page_id=68"},"modified":"2020-12-16T09:42:14","modified_gmt":"2020-12-16T08:42:14","slug":"reviere","status":"publish","type":"page","link":"https:\/\/rdbohinj.si\/de\/reviere\/","title":{"rendered":"Reviere"},"content":{"rendered":"<h3><a href=\"https:\/\/rdbohinj.si\/de\/see-bohinjsko-jezero\/\"><img loading=\"lazy\" decoding=\"async\" class=\"alignright wp-image-149 size-medium\" src=\"http:\/\/rdbohinj.si\/wp-content\/uploads\/2020\/11\/DSC_0559-Large-300x200.jpg\" alt=\"\" width=\"300\" height=\"200\"><\/a>SEE BOHINJSKO JEZERO (Auf der gesamten Oberfl\u00e4che des Sees, ohne Nebenfl\u00fcsse und Abfl\u00fcsse)<\/h3>\n<p><a href=\"https:\/\/www.google.com\/maps\/place\/46%C2%B016'59.7%22N+13%C2%B051'34.3%22E\/@46.285081,13.846772,13.95z\/data=!4m14!1m7!3m6!1s0x476524e75e968361:0xe740451e25e2d465!2sSlovenija!3b1!8m2!3d46.151241!4d14.995463!3m5!1s0x0:0x0!7e2!8m2!3d46.2832439!4d13.8595152\" target=\"_blank\" rel=\"noopener noreferrer\">Oberkrain &#8211; GPS Koordinaten: 46\u00b0 16&#8242; 59.7&#8243; N 13\u00b0 51&#8242; 34.3&#8243; E<\/a><\/p>\n<p><strong>FISCHARTEN:<\/strong> \u00c4sche, D\u00f6bel, Flussbarsch, Karausche, Quappe, Regenbogenforelle, Seeforelle, Seesaibling<br \/>\n<strong>ANGELMETHODEN:<\/strong> Angeln vom Boot, Fliegenfischen, Grundfischen, Posenfischen, Spinnfischen<\/p>\n<p><a href=\"https:\/\/rdbohinj.si\/de\/see-bohinjsko-jezero\/\"><i class=\"wp-svg-info-2 info-2\"><\/i> <\/a><a href=\"https:\/\/rdbohinj.si\/de\/see-bohinjsko-jezero\/\">Mehr \u00fcber Revier<\/a><br \/>\n<a href=\"https:\/\/rdbohinj.si\/de\/fischerkarten\/\"><i class=\"wp-svg-tags tags\"><\/i> Fischerkarten<\/a><br \/>\n<a href=\"https:\/\/www.ribiskekarte.si\/de\/rd-bohinj\/bohinjsko-jezero\" target=\"_blank\" rel=\"noopener noreferrer\"><i class=\"wp-svg-cart cart\"><\/i> Online-Fischerkartenverkauf<\/a><\/p>\n<hr>\n<h3><a href=\"https:\/\/rdbohinj.si\/de\/fluss-sava-bohinjka\/\"><img loading=\"lazy\" decoding=\"async\" class=\"alignright wp-image-157 size-medium\" src=\"http:\/\/rdbohinj.si\/wp-content\/uploads\/2020\/11\/fly-fishing-sava-bohinjka-muharjenje-slovenia-1-300x169.jpg\" alt=\"\" width=\"300\" height=\"169\"><\/a>FLUSS SAVA BOHINJKA (vom Abfluss vom Bohinj See bis zur Stra\u00dfenbr\u00fccke in Bohinjska Bistrica)<\/h3>\n<p><a href=\"https:\/\/www.google.com\/maps\/place\/46%C2%B016'34.0%22N+13%C2%B055'30.6%22E\/@46.2734512,13.9328419,13.26z\/data=!4m14!1m7!3m6!1s0x477a8d690162778d:0x400f81c823fec60!2sOb%C4%8Dina+Bohinj!3b1!8m2!3d46.3005652!4d13.9427195!3m5!1s0x0:0x0!7e2!8m2!3d46.2761196!4d13.9251518\" target=\"_blank\" rel=\"noopener noreferrer\">Oberkrain &#8211; GPS Koordinaten: 46\u00b0 16&#8242; 34.0&#8243; N 13\u00b0 55&#8242; 30.6&#8243; E<\/a><\/p>\n<p><strong>FISCHARTEN:<\/strong> \u00c4sche, Bachforelle, Regenbogenforelle<br \/>\n<strong>ANGELMETHODEN:<\/strong> Fliegenfischen<\/p>\n<p><a href=\"https:\/\/rdbohinj.si\/de\/fischerkarten\/\"><i class=\"wp-svg-info-2 info-2\"><\/i> <\/a><a href=\"https:\/\/rdbohinj.si\/de\/fluss-sava-bohinjka\/\">Mehr \u00fcber Revier<\/a><br \/>\n<a href=\"https:\/\/rdbohinj.si\/de\/fischerkarten\/\"><i class=\"wp-svg-tags tags\"><\/i> Fischerkarten<\/a><br \/>\n<a href=\"https:\/\/www.ribiskekarte.si\/de\/rd-bohinj\/sava-bohinjka-bohinj\" target=\"_blank\" rel=\"noopener noreferrer\"><i class=\"wp-svg-cart cart\"><\/i> Online-<\/a><a href=\"https:\/\/www.ribiskekarte.si\/de\/rd-bohinj\/sava-bohinjka-bohinj\" target=\"_blank\" rel=\"noopener noreferrer\">Fischerkartenverkauf<\/a><\/p>\n<hr>\n<p><a href=\"https:\/\/rdbohinj.si\/de\/bach-mostnica\/\"><img loading=\"lazy\" decoding=\"async\" class=\"alignright wp-image-154 size-medium\" src=\"http:\/\/rdbohinj.si\/wp-content\/uploads\/2020\/11\/mostnica-3-300x225.jpg\" alt=\"\" width=\"300\" height=\"225\"><\/a><\/p>\n<h3>BACH MOSTNICA (vom Tin\u010dkov-Damm im Dorf Stara Fu\u017eina &#8211; hinter dem Kulturzentrum &#8211; bis zum Zusammenfluss mit Jezernica oder Sava Bohinjka)<\/h3>\n<p><a href=\"https:\/\/www.google.com\/maps\/place\/46%C2%B017'04.6%22N+13%C2%B053'39.5%22E\/@46.2863879,13.8849951,14.3z\/data=!4m14!1m7!3m6!1s0x477a8d690162778d:0x400f81c823fec60!2sOb%C4%8Dina+Bohinj!3b1!8m2!3d46.3005652!4d13.9427195!3m5!1s0x0:0x0!7e2!8m2!3d46.2846232!4d13.8943054\" target=\"_blank\" rel=\"noopener noreferrer\">Oberkrain &#8211; GPS Koordinaten: 46\u00b0 17&#8242; 04.6&#8243; N 13\u00b0 53&#8242; 39.5&#8243; E<\/a><\/p>\n<p><strong>FISCHARTEN:<\/strong> \u00c4sche, Bachforelle, Regenbogenforelle<br \/>\n<strong>ANGELMETHODEN:<\/strong> Fliegenfischen<\/p>\n<p><a href=\"https:\/\/rdbohinj.si\/de\/bach-mostnica\/\"><i class=\"wp-svg-info-2 info-2\"><\/i> <\/a><a href=\"https:\/\/rdbohinj.si\/de\/bach-mostnica\/\">Mehr \u00fcber Revier<\/a><br \/>\n<a href=\"https:\/\/rdbohinj.si\/de\/fischerkarten\/\"><i class=\"wp-svg-tags tags\"><\/i> Fischerkarten<\/a><br \/>\n<a href=\"https:\/\/www.ribiskekarte.si\/de\/rd-bohinj\/potok-mostnica\" target=\"_blank\" rel=\"noopener noreferrer\"><i class=\"wp-svg-cart cart\"><\/i> Online-<\/a><a href=\"https:\/\/www.ribiskekarte.si\/de\/rd-bohinj\/potok-mostnica\" target=\"_blank\" rel=\"noopener noreferrer\">Fischerkartenverkauf<\/a><\/p>\n","protected":false},"excerpt":{"rendered":"<p>SEE BOHINJSKO JEZERO (Auf der gesamten Oberfl\u00e4che des Sees, ohne Nebenfl\u00fcsse und Abfl\u00fcsse) Oberkrain &#8211; GPS Koordinaten: 46\u00b0 16&#8242; 59.7&#8243; N 13\u00b0 51&#8242; 34.3&#8243; E FISCHARTEN: \u00c4sche, D\u00f6bel, Flussbarsch, Karausche, Quappe, Regenbogenforelle, Seeforelle, Seesaibling ANGELMETHODEN: Angeln vom Boot, Fliegenfischen, Grundfischen, Posenfischen, Spinnfischen Mehr \u00fcber Revier Fischerkarten Online-Fischerkartenverkauf FLUSS SAVA BOHINJKA (vom Abfluss vom Bohinj See [&hellip;]<\/p>\n","protected":false},"author":1,"featured_media":0,"parent":0,"menu_order":0,"comment_status":"closed","ping_status":"closed","template":"","meta":{"ngg_post_thumbnail":0,"footnotes":""},"class_list":["post-68","page","type-page","status-publish","hentry"],"_links":{"self":[{"href":"https:\/\/rdbohinj.si\/de\/wp-json\/wp\/v2\/pages\/68","targetHints":{"allow":["GET"]}}],"collection":[{"href":"https:\/\/rdbohinj.si\/de\/wp-json\/wp\/v2\/pages"}],"about":[{"href":"https:\/\/rdbohinj.si\/de\/wp-json\/wp\/v2\/types\/page"}],"author":[{"embeddable":true,"href":"https:\/\/rdbohinj.si\/de\/wp-json\/wp\/v2\/users\/1"}],"replies":[{"embeddable":true,"href":"https:\/\/rdbohinj.si\/de\/wp-json\/wp\/v2\/comments?post=68"}],"version-history":[{"count":18,"href":"https:\/\/rdbohinj.si\/de\/wp-json\/wp\/v2\/pages\/68\/revisions"}],"predecessor-version":[{"id":266,"href":"https:\/\/rdbohinj.si\/de\/wp-json\/wp\/v2\/pages\/68\/revisions\/266"}],"wp:attachment":[{"href":"https:\/\/rdbohinj.si\/de\/wp-json\/wp\/v2\/media?parent=68"}],"curies":[{"name":"wp","href":"https:\/\/api.w.org\/{rel}","templated":true}]}}