{"id":58,"date":"2020-12-09T11:07:18","date_gmt":"2020-12-09T10:07:18","guid":{"rendered":"http:\/\/rdbohinj.si\/de\/?page_id=58"},"modified":"2020-12-16T09:30:54","modified_gmt":"2020-12-16T08:30:54","slug":"fischerkarten","status":"publish","type":"page","link":"https:\/\/rdbohinj.si\/de\/fischerkarten\/","title":{"rendered":"Fischerkarten"},"content":{"rendered":"<div class=\"container-fluid\">\n<div class=\"row\">\n<div class=\"col-sm-9\" style=\"background-color: white;\">\n<h3><a href=\"https:\/\/rdbohinj.si\/de\/see-bohinjsko-jezero\/\">See Bohinjsko jezero<\/a><\/h3>\n<p><strong><i class=\"wp-svg-tags tags\"><\/i> Fangen und nehmen (1-day): 30 EUR<\/strong><\/p>\n<p><strong>ANGELMETHODEN:<\/strong> Angeln vom Boot, Fliegenfischen, Grundfischen, Posenfischen, Spinnfischen<br \/>\n<strong>ELAUBTE FISCHENTNAHME:<\/strong> 1x Seeforelle oder 3x Regenbogenforelle oder 3x Quappe oder 6x Seesaibling oder 4x Seesaibling und 1x Regenbogenforelle oder 5x D\u00f6bel. Barsch und Karausche unbegrenzt. Es ist verboten, andere Fischarten zu t\u00f6ten!<br \/>\n<strong>REGELN:<\/strong> Erlaubt: 1 Rute, 1 Haken, 1 K\u00f6der. Verboten: Lebende Fische halten, Maden, Muscheln oder lebende Fische als K\u00f6der verwenden. Obligatorisch: Zange.<\/p>\n<p><a href=\"https:\/\/www.ribiskekarte.si\/en\/rd-bohinj\/nakup\/1006\" target=\"_blank\" rel=\"noopener noreferrer\"><i class=\"wp-svg-cart cart\"><\/i> Online Fischerkarten-Verkauf<\/a> (Auch <a href=\"https:\/\/www.ribiskekarte.si\/de\/rd-bohinj\/nakup\/1007\" target=\"_blank\" rel=\"noopener noreferrer\"><strong>3-<\/strong><\/a>, <a href=\"https:\/\/www.ribiskekarte.si\/de\/rd-bohinj\/nakup\/1008\" target=\"_blank\" rel=\"noopener noreferrer\"><strong>5-<\/strong><\/a> in <a href=\"https:\/\/www.ribiskekarte.si\/de\/rd-bohinj\/nakup\/1009\" target=\"_blank\" rel=\"noopener noreferrer\"><strong>7-Tage<\/strong><\/a> Fischerkarten sind verf\u00fcgbar.)<\/p>\n<p><strong><i class=\"wp-svg-tags tags\"><\/i> Fangen und nehmen (1-Tag, Junioren, nur vom Ufer): 15 EUR<\/strong><\/p>\n<p><strong>ANGELMETHODEN:<\/strong> Fliegenfischen, Grundfischen, Posenfischen, Spinnfischen<br \/>\n<strong>ELAUBTE FISCHENTNAHME:<\/strong> 1x Seeforelle oder 3x Regenbogenforelle oder 3x Quappe oder 6x Seesaibling oder 4x Seesaibling und 1x Regenbogenforelle oder 5x D\u00f6bel. Barsch und Karausche unbegrenzt. Es ist verboten, andere Fischarten zu t\u00f6ten!<br \/>\n<strong>REGELN:<\/strong> Erlaubt: 1 Rute, 1 Haken, 1 K\u00f6der. Verboten: Lebende Fische halten, Maden, Muscheln oder lebende Fische als K\u00f6der verwenden. Obligatorisch: Zange.<br \/>\n<a href=\"https:\/\/www.ribiskekarte.si\/en\/rd-bohinj\/nakup\/1010\" target=\"_blank\" rel=\"noopener noreferrer\"><i class=\"wp-svg-cart cart\"><\/i> Online Fischerkarten-Verkauf<\/a><\/p>\n<h3><a href=\"https:\/\/rdbohinj.si\/de\/fluss-sava-bohinjka\/\">Fluss Sava Bohinjka<\/a><\/h3>\n<p><strong><i class=\"wp-svg-tags tags\"><\/i> C&amp;R (Sava Bohinjka), 1-Tag: 47 EUR<\/strong><\/p>\n<p><strong>ANGELMETHODEN:<\/strong> Fliegenfischen<br \/>\n<strong>ELAUBTE FISCHENTNAHME:<\/strong> nur Catch and release<br \/>\n<strong>REGELN:<\/strong> Erlaubt: 1 Fliegenrute mit 1 k\u00fcnstlichen Fliege, hergestellt durch Fliegenbinden an einem Haken ohne Widerhaken, Bissanzeiger. Verboten: zus\u00e4tzliches Gewicht auf dem Vorfach oder auf dem Tippet, um lebenden Fisch zu halten. Die gr\u00f6\u00dfte erlaubte k\u00fcnstliche Fliege ist 5 cm lang. Obligatorisch: Zange.<br \/>\n<a href=\"https:\/\/www.ribiskekarte.si\/en\/rd-bohinj\/nakup\/1012\" target=\"_blank\" rel=\"noopener noreferrer\"><i class=\"wp-svg-cart cart\"><\/i> Online Fischerkarten-Verkauf<\/a> (Auch <a href=\"https:\/\/www.ribiskekarte.si\/de\/rd-bohinj\/nakup\/1013\" target=\"_blank\" rel=\"noopener noreferrer\"><strong>3-<\/strong><\/a>, <a href=\"https:\/\/www.ribiskekarte.si\/de\/rd-bohinj\/nakup\/1014\" target=\"_blank\" rel=\"noopener noreferrer\"><strong>5-<\/strong><\/a> in <a href=\"https:\/\/www.ribiskekarte.si\/de\/rd-bohinj\/nakup\/1015\" target=\"_blank\" rel=\"noopener noreferrer\"><strong>7-Tage<\/strong><\/a> Fischerkarten sind verf\u00fcgbar.)<\/p>\n<p><strong><i class=\"wp-svg-tags tags\"><\/i> Fangen und nehmen (Sava Bohinjka), 1-Tag: 67 EUR<\/strong><\/p>\n<p><strong>ANGELMETHODEN:<\/strong> Fliegenfischen<br \/>\n<strong>ELAUBTE FISCHENTNAHME:<\/strong> 3x Regenbogenforelle (jeweils bis zu 40 cm lang). Es ist verboten, Bachforellen oder \u00c4schen zu t\u00f6ten!<br \/>\n<strong>REGELN:<\/strong> Erlaubt: 1 Fliegenrute mit 1 k\u00fcnstlichen Fliege, hergestellt durch Fliegenbinden an einem Haken ohne Widerhaken, Bissanzeiger. Verboten: zus\u00e4tzliches Gewicht auf dem Vorfach oder auf dem Tippet, um lebenden Fisch zu halten. Die gr\u00f6\u00dfte erlaubte k\u00fcnstliche Fliege ist 5 cm lang. Obligatorisch: Zange.<br \/>\n<a href=\"https:\/\/www.ribiskekarte.si\/en\/rd-bohinj\/nakup\/1016\" target=\"_blank\" rel=\"noopener noreferrer\"><i class=\"wp-svg-cart cart\"><\/i> Online Fischerkarten-Verkauf<\/a> (Auch <a href=\"https:\/\/www.ribiskekarte.si\/de\/rd-bohinj\/nakup\/1017\" target=\"_blank\" rel=\"noopener noreferrer\"><strong>3-<\/strong><\/a>, <a href=\"https:\/\/www.ribiskekarte.si\/de\/rd-bohinj\/nakup\/1018\" target=\"_blank\" rel=\"noopener noreferrer\"><strong>5-<\/strong><\/a> in <a href=\"https:\/\/www.ribiskekarte.si\/de\/rd-bohinj\/nakup\/1019\" target=\"_blank\" rel=\"noopener noreferrer\"><strong>7-Tage<\/strong><\/a> Fischerkarten sind verf\u00fcgbar.)<\/p>\n<h3><a href=\"https:\/\/rdbohinj.si\/de\/bach-mostnica\/\">Bach Mostnica<\/a><\/h3>\n<p><strong><i class=\"wp-svg-tags tags\"><\/i> C&amp;R (Mostnica, Sava Bohinjka): 100 EUR<\/strong><\/p>\n<p><strong>ANGELMETHODEN:<\/strong> Fliegenfischen<br \/>\n<strong>ELAUBTE FISCHENTNAHME:<\/strong> nur Catch and release<br \/>\n<strong>REGELN:<\/strong> Erlaubt: 1 Fliegenrute mit 1 k\u00fcnstlichen Fliege, hergestellt durch Fliegenbinden an einem Haken ohne Widerhaken, Bissanzeiger. Verboten: zus\u00e4tzliches Gewicht auf dem Vorfach oder auf dem Tippet, um lebenden Fisch zu halten. Die gr\u00f6\u00dfte erlaubte k\u00fcnstliche Fliege ist 5 cm lang. Obligatorisch: Zange.<br \/>\n<a href=\"https:\/\/www.ribiskekarte.si\/de\/rd-bohinj\/nakup\/1011\" target=\"_blank\" rel=\"noopener noreferrer\"><i class=\"wp-svg-cart cart\"><\/i> Online Fischerkarten-Verkauf<\/a><\/p>\n<\/div>\n<div class=\"col-sm-3\" style=\"background-color: white;\">\n<p>Fischerkarten k\u00f6nnen Sie 24\/7 gem\u00fctlich und schnell online kaufen:&nbsp;<a href=\"https:\/\/www.ribiskekarte.si\/de\/rd-bohinj\" target=\"_blank\" rel=\"noopener noreferrer\">www.ribiskekarte.si\/rd-bohinj<\/a> oder an folgenden Orten:<a href=\"https:\/\/www.ribiskekarte.si\/de\/rd-bohinj\" target=\"_blank\" rel=\"noopener noreferrer\"><img loading=\"lazy\" decoding=\"async\" class=\"alignnone wp-image-145\" src=\"http:\/\/rdbohinj.si\/wp-content\/uploads\/2020\/11\/RIBIE\u0302KE-KARTE_logotip-9-1-300x94-1.png\" alt=\"\" width=\"131\" height=\"41\"><\/a><\/p>\n<p><a href=\"https:\/\/www.ribiskekarte.si\/de\/rd-bohinj\" target=\"_blank\" rel=\"noopener noreferrer\"><i class=\"wp-svg-link link\"><\/i> 24\/7 Online Fischerkarten-Verkauf<\/a><\/p>\n<p><a href=\"https:\/\/www.bohinj.si\/info-centri\/ld-turizem\/\" target=\"_blank\" rel=\"noopener noreferrer\"><i class=\"wp-svg-link link\"><\/i> LD Tourism, TIC Bohinjska Bistrica<\/a><\/p>\n<p><a href=\"https:\/\/www.bohinj.si\/ponudniki\/govic-d-o-o\/\" target=\"_blank\" rel=\"noopener noreferrer\"><i class=\"wp-svg-link link\"><\/i> Shop FLYFISHER\u2019S FRIEND \u2013 Govic<\/a><\/p>\n<p><a href=\"https:\/\/tdbohinj.si\/\" target=\"_blank\" rel=\"noopener noreferrer\"><i class=\"wp-svg-link link\"><\/i> Bohinj Tourist Association<\/a><\/p>\n<p><a href=\"http:\/\/www.hotel-bohinj.si\/\" target=\"_blank\" rel=\"noopener noreferrer\"><i class=\"wp-svg-link link\"><\/i> Hotel Tripi\u010d<\/a><\/p>\n<p><a href=\"https:\/\/www.faunaflyshop.si\/\" target=\"_blank\" rel=\"noopener noreferrer\"><i class=\"wp-svg-link link\"><\/i> Shop Fauna Bled<\/a><\/p>\n<\/div>\n<\/div>\n<\/div>\n","protected":false},"excerpt":{"rendered":"<p>See Bohinjsko jezero Fangen und nehmen (1-day): 30 EUR ANGELMETHODEN: Angeln vom Boot, Fliegenfischen, Grundfischen, Posenfischen, Spinnfischen ELAUBTE FISCHENTNAHME: 1x Seeforelle oder 3x Regenbogenforelle oder 3x Quappe oder 6x Seesaibling oder 4x Seesaibling und 1x Regenbogenforelle oder 5x D\u00f6bel. Barsch und Karausche unbegrenzt. Es ist verboten, andere Fischarten zu t\u00f6ten! REGELN: Erlaubt: 1 Rute, 1 [&hellip;]<\/p>\n","protected":false},"author":1,"featured_media":0,"parent":0,"menu_order":0,"comment_status":"closed","ping_status":"closed","template":"","meta":{"ngg_post_thumbnail":0,"footnotes":""},"class_list":["post-58","page","type-page","status-publish","hentry"],"_links":{"self":[{"href":"https:\/\/rdbohinj.si\/de\/wp-json\/wp\/v2\/pages\/58","targetHints":{"allow":["GET"]}}],"collection":[{"href":"https:\/\/rdbohinj.si\/de\/wp-json\/wp\/v2\/pages"}],"about":[{"href":"https:\/\/rdbohinj.si\/de\/wp-json\/wp\/v2\/types\/page"}],"author":[{"embeddable":true,"href":"https:\/\/rdbohinj.si\/de\/wp-json\/wp\/v2\/users\/1"}],"replies":[{"embeddable":true,"href":"https:\/\/rdbohinj.si\/de\/wp-json\/wp\/v2\/comments?post=58"}],"version-history":[{"count":19,"href":"https:\/\/rdbohinj.si\/de\/wp-json\/wp\/v2\/pages\/58\/revisions"}],"predecessor-version":[{"id":251,"href":"https:\/\/rdbohinj.si\/de\/wp-json\/wp\/v2\/pages\/58\/revisions\/251"}],"wp:attachment":[{"href":"https:\/\/rdbohinj.si\/de\/wp-json\/wp\/v2\/media?parent=58"}],"curies":[{"name":"wp","href":"https:\/\/api.w.org\/{rel}","templated":true}]}}