{"id":51,"date":"2020-12-09T11:06:00","date_gmt":"2020-12-09T10:06:00","guid":{"rendered":"http:\/\/rdbohinj.si\/de\/?page_id=51"},"modified":"2020-12-16T09:45:36","modified_gmt":"2020-12-16T08:45:36","slug":"see-bohinjsko-jezero","status":"publish","type":"page","link":"https:\/\/rdbohinj.si\/de\/see-bohinjsko-jezero\/","title":{"rendered":"See Bohinjsko jezero"},"content":{"rendered":"<p>Der gr\u00f6\u00dfte Gletschersee Sloweniens bietet gro\u00dfartige Fangm\u00f6glichkeiten f\u00fcr <strong>Seeforellen<\/strong>, <strong>Saiblinge<\/strong>, <strong>Bachforellen<\/strong>, <strong>D\u00f6bel<\/strong> und <strong>Quappen<\/strong>. Es gibt auch einige andere Fischarten im See, die f\u00fcr das Sportfischen interessant sind.<\/p>\n<ul class=\"block-features\">\n<li><strong><span class=\"bold text-uppercase\">FISCHARTEN:<\/span><\/strong> \u00c4sche, D\u00f6bel, Flussbarsch, Karausche, Quappe, Regenbogenforelle, Seeforelle, Seesaibling<\/li>\n<li><strong><span class=\"bold text-uppercase\">ANGELMETHODEN:<\/span><\/strong> Angeln vom Boot, Fliegenfischen, Grundfischen, Posenfischen, Spinnfischen<\/li>\n<li><strong><span class=\"bold text-uppercase\">ERLAUBTE K\u00d6DER:<\/span><\/strong> Fischk\u00f6der pflanzlichen Ursprungs, K\u00fcnstlichen Fischk\u00f6der<\/li>\n<li><strong><span class=\"bold text-uppercase\">GEW\u00c4SSERTYP:<\/span><\/strong> stehend<\/li>\n<\/ul>\n<p><a href=\"https:\/\/rdbohinj.si\/de\/fischerkarten\/\"><i class=\"wp-svg-info-2 info-2\"><\/i> Mehr \u00fcber Fischerkarten<\/a><br \/>\n<a href=\"https:\/\/www.ribiskekarte.si\/de\/rd-bohinj\/bohinjsko-jezero\" target=\"_blank\" rel=\"noopener noreferrer\"><i class=\"wp-svg-cart cart\"><\/i> Online-Fischerkartenverkauf<\/a><\/p>\n<p><iframe loading=\"lazy\" src=\"https:\/\/www.google.com\/maps\/d\/u\/8\/embed?mid=1QBEPteXlaO7wYQ40GL8AmZ5dFM3ZLmdg&amp;z=14\" width=\"100%\" height=\"480\"><\/iframe><\/p>\n<!-- default-view.php -->\n<div\n\tclass=\"ngg-galleryoverview default-view \n\t\t\"\n\tid=\"ngg-gallery-d55aab712778675ea7d919a74d1bbf35-1\">\n\n\t\t<!-- Thumbnails -->\n\t\t\t\t<div id=\"ngg-image-0\" class=\"ngg-gallery-thumbnail-box \n\t\t\t\t\t\t\t\t\t\t\t\" \n\t\t\t>\n\t\t\t\t\t\t<div class=\"ngg-gallery-thumbnail\">\n\t\t\t<a href=\"https:\/\/rdbohinj.si\/de\/wp-content\/uploads\/sites\/3\/nggallery\/bohinj-see\/57511590_1299278713558958_3197944352663928832_o.jpg\"\n\t\t\t\ttitle=\"\"\n\t\t\t\tdata-src=\"https:\/\/rdbohinj.si\/de\/wp-content\/uploads\/sites\/3\/nggallery\/bohinj-see\/57511590_1299278713558958_3197944352663928832_o.jpg\"\n\t\t\t\tdata-thumbnail=\"https:\/\/rdbohinj.si\/de\/wp-content\/uploads\/sites\/3\/nggallery\/bohinj-see\/thumbs\/thumbs_57511590_1299278713558958_3197944352663928832_o.jpg\"\n\t\t\t\tdata-image-id=\"17\"\n\t\t\t\tdata-title=\"57511590_1299278713558958_3197944352663928832_o\"\n\t\t\t\tdata-description=\"\"\n\t\t\t\tdata-image-slug=\"57511590_1299278713558958_3197944352663928832_o\"\n\t\t\t\tclass=\"ngg-simplelightbox\" rel=\"d55aab712778675ea7d919a74d1bbf35\">\n\t\t\t\t<img\n\t\t\t\t\ttitle=\"57511590_1299278713558958_3197944352663928832_o\"\n\t\t\t\t\talt=\"57511590_1299278713558958_3197944352663928832_o\"\n\t\t\t\t\tsrc=\"https:\/\/rdbohinj.si\/de\/wp-content\/uploads\/sites\/3\/nggallery\/bohinj-see\/thumbs\/thumbs_57511590_1299278713558958_3197944352663928832_o.jpg\"\n\t\t\t\t\twidth=\"240\"\n\t\t\t\t\theight=\"160\"\n\t\t\t\t\tstyle=\"max-width:100%;\"\n\t\t\t\t\/>\n\t\t\t<\/a>\n\t\t<\/div>\n\t\t\t\t\t\t\t<\/div> \n\t\t\t\n\t\t\t\t<div id=\"ngg-image-1\" class=\"ngg-gallery-thumbnail-box \n\t\t\t\t\t\t\t\t\t\t\t\" \n\t\t\t>\n\t\t\t\t\t\t<div class=\"ngg-gallery-thumbnail\">\n\t\t\t<a href=\"https:\/\/rdbohinj.si\/de\/wp-content\/uploads\/sites\/3\/nggallery\/bohinj-see\/bohinjsko-jezero-bohinj-lake-fishing-lake-trout-char.jpg\"\n\t\t\t\ttitle=\"\"\n\t\t\t\tdata-src=\"https:\/\/rdbohinj.si\/de\/wp-content\/uploads\/sites\/3\/nggallery\/bohinj-see\/bohinjsko-jezero-bohinj-lake-fishing-lake-trout-char.jpg\"\n\t\t\t\tdata-thumbnail=\"https:\/\/rdbohinj.si\/de\/wp-content\/uploads\/sites\/3\/nggallery\/bohinj-see\/thumbs\/thumbs_bohinjsko-jezero-bohinj-lake-fishing-lake-trout-char.jpg\"\n\t\t\t\tdata-image-id=\"18\"\n\t\t\t\tdata-title=\"bohinjsko-jezero-bohinj-lake-fishing-lake-trout-char\"\n\t\t\t\tdata-description=\"\"\n\t\t\t\tdata-image-slug=\"bohinjsko-jezero-bohinj-lake-fishing-lake-trout-char\"\n\t\t\t\tclass=\"ngg-simplelightbox\" rel=\"d55aab712778675ea7d919a74d1bbf35\">\n\t\t\t\t<img\n\t\t\t\t\ttitle=\"bohinjsko-jezero-bohinj-lake-fishing-lake-trout-char\"\n\t\t\t\t\talt=\"bohinjsko-jezero-bohinj-lake-fishing-lake-trout-char\"\n\t\t\t\t\tsrc=\"https:\/\/rdbohinj.si\/de\/wp-content\/uploads\/sites\/3\/nggallery\/bohinj-see\/thumbs\/thumbs_bohinjsko-jezero-bohinj-lake-fishing-lake-trout-char.jpg\"\n\t\t\t\t\twidth=\"240\"\n\t\t\t\t\theight=\"160\"\n\t\t\t\t\tstyle=\"max-width:100%;\"\n\t\t\t\t\/>\n\t\t\t<\/a>\n\t\t<\/div>\n\t\t\t\t\t\t\t<\/div> \n\t\t\t\n\t\t\t\t<div id=\"ngg-image-2\" class=\"ngg-gallery-thumbnail-box \n\t\t\t\t\t\t\t\t\t\t\t\" \n\t\t\t>\n\t\t\t\t\t\t<div class=\"ngg-gallery-thumbnail\">\n\t\t\t<a href=\"https:\/\/rdbohinj.si\/de\/wp-content\/uploads\/sites\/3\/nggallery\/bohinj-see\/bohinjsko-jezero-bohinj-lake-fishing-lake-trout-char-trophy.jpg\"\n\t\t\t\ttitle=\"\"\n\t\t\t\tdata-src=\"https:\/\/rdbohinj.si\/de\/wp-content\/uploads\/sites\/3\/nggallery\/bohinj-see\/bohinjsko-jezero-bohinj-lake-fishing-lake-trout-char-trophy.jpg\"\n\t\t\t\tdata-thumbnail=\"https:\/\/rdbohinj.si\/de\/wp-content\/uploads\/sites\/3\/nggallery\/bohinj-see\/thumbs\/thumbs_bohinjsko-jezero-bohinj-lake-fishing-lake-trout-char-trophy.jpg\"\n\t\t\t\tdata-image-id=\"19\"\n\t\t\t\tdata-title=\"bohinjsko-jezero-bohinj-lake-fishing-lake-trout-char-trophy\"\n\t\t\t\tdata-description=\"\"\n\t\t\t\tdata-image-slug=\"bohinjsko-jezero-bohinj-lake-fishing-lake-trout-char-trophy\"\n\t\t\t\tclass=\"ngg-simplelightbox\" rel=\"d55aab712778675ea7d919a74d1bbf35\">\n\t\t\t\t<img\n\t\t\t\t\ttitle=\"bohinjsko-jezero-bohinj-lake-fishing-lake-trout-char-trophy\"\n\t\t\t\t\talt=\"bohinjsko-jezero-bohinj-lake-fishing-lake-trout-char-trophy\"\n\t\t\t\t\tsrc=\"https:\/\/rdbohinj.si\/de\/wp-content\/uploads\/sites\/3\/nggallery\/bohinj-see\/thumbs\/thumbs_bohinjsko-jezero-bohinj-lake-fishing-lake-trout-char-trophy.jpg\"\n\t\t\t\t\twidth=\"240\"\n\t\t\t\t\theight=\"160\"\n\t\t\t\t\tstyle=\"max-width:100%;\"\n\t\t\t\t\/>\n\t\t\t<\/a>\n\t\t<\/div>\n\t\t\t\t\t\t\t<\/div> \n\t\t\t\n\t\t\t\t<div id=\"ngg-image-3\" class=\"ngg-gallery-thumbnail-box \n\t\t\t\t\t\t\t\t\t\t\t\" \n\t\t\t>\n\t\t\t\t\t\t<div class=\"ngg-gallery-thumbnail\">\n\t\t\t<a href=\"https:\/\/rdbohinj.si\/de\/wp-content\/uploads\/sites\/3\/nggallery\/bohinj-see\/7237611.jpg\"\n\t\t\t\ttitle=\"\"\n\t\t\t\tdata-src=\"https:\/\/rdbohinj.si\/de\/wp-content\/uploads\/sites\/3\/nggallery\/bohinj-see\/7237611.jpg\"\n\t\t\t\tdata-thumbnail=\"https:\/\/rdbohinj.si\/de\/wp-content\/uploads\/sites\/3\/nggallery\/bohinj-see\/thumbs\/thumbs_7237611.jpg\"\n\t\t\t\tdata-image-id=\"20\"\n\t\t\t\tdata-title=\"7237611\"\n\t\t\t\tdata-description=\"\"\n\t\t\t\tdata-image-slug=\"7237611\"\n\t\t\t\tclass=\"ngg-simplelightbox\" rel=\"d55aab712778675ea7d919a74d1bbf35\">\n\t\t\t\t<img\n\t\t\t\t\ttitle=\"7237611\"\n\t\t\t\t\talt=\"7237611\"\n\t\t\t\t\tsrc=\"https:\/\/rdbohinj.si\/de\/wp-content\/uploads\/sites\/3\/nggallery\/bohinj-see\/thumbs\/thumbs_7237611.jpg\"\n\t\t\t\t\twidth=\"240\"\n\t\t\t\t\theight=\"160\"\n\t\t\t\t\tstyle=\"max-width:100%;\"\n\t\t\t\t\/>\n\t\t\t<\/a>\n\t\t<\/div>\n\t\t\t\t\t\t\t<\/div> \n\t\t\t\n\t\t\t\t<div id=\"ngg-image-4\" class=\"ngg-gallery-thumbnail-box \n\t\t\t\t\t\t\t\t\t\t\t\" \n\t\t\t>\n\t\t\t\t\t\t<div class=\"ngg-gallery-thumbnail\">\n\t\t\t<a href=\"https:\/\/rdbohinj.si\/de\/wp-content\/uploads\/sites\/3\/nggallery\/bohinj-see\/9013585.jpg\"\n\t\t\t\ttitle=\"\"\n\t\t\t\tdata-src=\"https:\/\/rdbohinj.si\/de\/wp-content\/uploads\/sites\/3\/nggallery\/bohinj-see\/9013585.jpg\"\n\t\t\t\tdata-thumbnail=\"https:\/\/rdbohinj.si\/de\/wp-content\/uploads\/sites\/3\/nggallery\/bohinj-see\/thumbs\/thumbs_9013585.jpg\"\n\t\t\t\tdata-image-id=\"21\"\n\t\t\t\tdata-title=\"9013585\"\n\t\t\t\tdata-description=\"\"\n\t\t\t\tdata-image-slug=\"9013585\"\n\t\t\t\tclass=\"ngg-simplelightbox\" rel=\"d55aab712778675ea7d919a74d1bbf35\">\n\t\t\t\t<img\n\t\t\t\t\ttitle=\"9013585\"\n\t\t\t\t\talt=\"9013585\"\n\t\t\t\t\tsrc=\"https:\/\/rdbohinj.si\/de\/wp-content\/uploads\/sites\/3\/nggallery\/bohinj-see\/thumbs\/thumbs_9013585.jpg\"\n\t\t\t\t\twidth=\"240\"\n\t\t\t\t\theight=\"160\"\n\t\t\t\t\tstyle=\"max-width:100%;\"\n\t\t\t\t\/>\n\t\t\t<\/a>\n\t\t<\/div>\n\t\t\t\t\t\t\t<\/div> \n\t\t\t\n\t\t\t\t<div id=\"ngg-image-5\" class=\"ngg-gallery-thumbnail-box \n\t\t\t\t\t\t\t\t\t\t\t\" \n\t\t\t>\n\t\t\t\t\t\t<div class=\"ngg-gallery-thumbnail\">\n\t\t\t<a href=\"https:\/\/rdbohinj.si\/de\/wp-content\/uploads\/sites\/3\/nggallery\/bohinj-see\/9013602.jpg\"\n\t\t\t\ttitle=\"\"\n\t\t\t\tdata-src=\"https:\/\/rdbohinj.si\/de\/wp-content\/uploads\/sites\/3\/nggallery\/bohinj-see\/9013602.jpg\"\n\t\t\t\tdata-thumbnail=\"https:\/\/rdbohinj.si\/de\/wp-content\/uploads\/sites\/3\/nggallery\/bohinj-see\/thumbs\/thumbs_9013602.jpg\"\n\t\t\t\tdata-image-id=\"22\"\n\t\t\t\tdata-title=\"9013602\"\n\t\t\t\tdata-description=\"\"\n\t\t\t\tdata-image-slug=\"9013602\"\n\t\t\t\tclass=\"ngg-simplelightbox\" rel=\"d55aab712778675ea7d919a74d1bbf35\">\n\t\t\t\t<img\n\t\t\t\t\ttitle=\"9013602\"\n\t\t\t\t\talt=\"9013602\"\n\t\t\t\t\tsrc=\"https:\/\/rdbohinj.si\/de\/wp-content\/uploads\/sites\/3\/nggallery\/bohinj-see\/thumbs\/thumbs_9013602.jpg\"\n\t\t\t\t\twidth=\"240\"\n\t\t\t\t\theight=\"160\"\n\t\t\t\t\tstyle=\"max-width:100%;\"\n\t\t\t\t\/>\n\t\t\t<\/a>\n\t\t<\/div>\n\t\t\t\t\t\t\t<\/div> \n\t\t\t\n\t\t\t\t<div id=\"ngg-image-6\" class=\"ngg-gallery-thumbnail-box \n\t\t\t\t\t\t\t\t\t\t\t\" \n\t\t\t>\n\t\t\t\t\t\t<div class=\"ngg-gallery-thumbnail\">\n\t\t\t<a href=\"https:\/\/rdbohinj.si\/de\/wp-content\/uploads\/sites\/3\/nggallery\/bohinj-see\/DSC_0512-Large.jpeg\"\n\t\t\t\ttitle=\"\"\n\t\t\t\tdata-src=\"https:\/\/rdbohinj.si\/de\/wp-content\/uploads\/sites\/3\/nggallery\/bohinj-see\/DSC_0512-Large.jpeg\"\n\t\t\t\tdata-thumbnail=\"https:\/\/rdbohinj.si\/de\/wp-content\/uploads\/sites\/3\/nggallery\/bohinj-see\/thumbs\/thumbs_DSC_0512-Large.jpeg\"\n\t\t\t\tdata-image-id=\"23\"\n\t\t\t\tdata-title=\"DSC_0512-Large\"\n\t\t\t\tdata-description=\"\"\n\t\t\t\tdata-image-slug=\"dsc_0512-large-1\"\n\t\t\t\tclass=\"ngg-simplelightbox\" rel=\"d55aab712778675ea7d919a74d1bbf35\">\n\t\t\t\t<img\n\t\t\t\t\ttitle=\"DSC_0512-Large\"\n\t\t\t\t\talt=\"DSC_0512-Large\"\n\t\t\t\t\tsrc=\"https:\/\/rdbohinj.si\/de\/wp-content\/uploads\/sites\/3\/nggallery\/bohinj-see\/thumbs\/thumbs_DSC_0512-Large.jpeg\"\n\t\t\t\t\twidth=\"240\"\n\t\t\t\t\theight=\"160\"\n\t\t\t\t\tstyle=\"max-width:100%;\"\n\t\t\t\t\/>\n\t\t\t<\/a>\n\t\t<\/div>\n\t\t\t\t\t\t\t<\/div> \n\t\t\t\n\t\t\t\t<div id=\"ngg-image-7\" class=\"ngg-gallery-thumbnail-box \n\t\t\t\t\t\t\t\t\t\t\t\" \n\t\t\t>\n\t\t\t\t\t\t<div class=\"ngg-gallery-thumbnail\">\n\t\t\t<a href=\"https:\/\/rdbohinj.si\/de\/wp-content\/uploads\/sites\/3\/nggallery\/bohinj-see\/DSC_0545-Large.jpeg\"\n\t\t\t\ttitle=\"\"\n\t\t\t\tdata-src=\"https:\/\/rdbohinj.si\/de\/wp-content\/uploads\/sites\/3\/nggallery\/bohinj-see\/DSC_0545-Large.jpeg\"\n\t\t\t\tdata-thumbnail=\"https:\/\/rdbohinj.si\/de\/wp-content\/uploads\/sites\/3\/nggallery\/bohinj-see\/thumbs\/thumbs_DSC_0545-Large.jpeg\"\n\t\t\t\tdata-image-id=\"24\"\n\t\t\t\tdata-title=\"DSC_0545-Large\"\n\t\t\t\tdata-description=\"\"\n\t\t\t\tdata-image-slug=\"dsc_0545-large\"\n\t\t\t\tclass=\"ngg-simplelightbox\" rel=\"d55aab712778675ea7d919a74d1bbf35\">\n\t\t\t\t<img\n\t\t\t\t\ttitle=\"DSC_0545-Large\"\n\t\t\t\t\talt=\"DSC_0545-Large\"\n\t\t\t\t\tsrc=\"https:\/\/rdbohinj.si\/de\/wp-content\/uploads\/sites\/3\/nggallery\/bohinj-see\/thumbs\/thumbs_DSC_0545-Large.jpeg\"\n\t\t\t\t\twidth=\"240\"\n\t\t\t\t\theight=\"160\"\n\t\t\t\t\tstyle=\"max-width:100%;\"\n\t\t\t\t\/>\n\t\t\t<\/a>\n\t\t<\/div>\n\t\t\t\t\t\t\t<\/div> \n\t\t\t\n\t\t\t\t<div id=\"ngg-image-8\" class=\"ngg-gallery-thumbnail-box \n\t\t\t\t\t\t\t\t\t\t\t\" \n\t\t\t>\n\t\t\t\t\t\t<div class=\"ngg-gallery-thumbnail\">\n\t\t\t<a href=\"https:\/\/rdbohinj.si\/de\/wp-content\/uploads\/sites\/3\/nggallery\/bohinj-see\/DSC_0550-Large.jpeg\"\n\t\t\t\ttitle=\"\"\n\t\t\t\tdata-src=\"https:\/\/rdbohinj.si\/de\/wp-content\/uploads\/sites\/3\/nggallery\/bohinj-see\/DSC_0550-Large.jpeg\"\n\t\t\t\tdata-thumbnail=\"https:\/\/rdbohinj.si\/de\/wp-content\/uploads\/sites\/3\/nggallery\/bohinj-see\/thumbs\/thumbs_DSC_0550-Large.jpeg\"\n\t\t\t\tdata-image-id=\"25\"\n\t\t\t\tdata-title=\"DSC_0550-Large\"\n\t\t\t\tdata-description=\"\"\n\t\t\t\tdata-image-slug=\"dsc_0550-large\"\n\t\t\t\tclass=\"ngg-simplelightbox\" rel=\"d55aab712778675ea7d919a74d1bbf35\">\n\t\t\t\t<img\n\t\t\t\t\ttitle=\"DSC_0550-Large\"\n\t\t\t\t\talt=\"DSC_0550-Large\"\n\t\t\t\t\tsrc=\"https:\/\/rdbohinj.si\/de\/wp-content\/uploads\/sites\/3\/nggallery\/bohinj-see\/thumbs\/thumbs_DSC_0550-Large.jpeg\"\n\t\t\t\t\twidth=\"240\"\n\t\t\t\t\theight=\"160\"\n\t\t\t\t\tstyle=\"max-width:100%;\"\n\t\t\t\t\/>\n\t\t\t<\/a>\n\t\t<\/div>\n\t\t\t\t\t\t\t<\/div> \n\t\t\t\n\t\t\t\t<div id=\"ngg-image-9\" class=\"ngg-gallery-thumbnail-box \n\t\t\t\t\t\t\t\t\t\t\t\" \n\t\t\t>\n\t\t\t\t\t\t<div class=\"ngg-gallery-thumbnail\">\n\t\t\t<a href=\"https:\/\/rdbohinj.si\/de\/wp-content\/uploads\/sites\/3\/nggallery\/bohinj-see\/DSC_0557-Large.jpeg\"\n\t\t\t\ttitle=\"\"\n\t\t\t\tdata-src=\"https:\/\/rdbohinj.si\/de\/wp-content\/uploads\/sites\/3\/nggallery\/bohinj-see\/DSC_0557-Large.jpeg\"\n\t\t\t\tdata-thumbnail=\"https:\/\/rdbohinj.si\/de\/wp-content\/uploads\/sites\/3\/nggallery\/bohinj-see\/thumbs\/thumbs_DSC_0557-Large.jpeg\"\n\t\t\t\tdata-image-id=\"26\"\n\t\t\t\tdata-title=\"DSC_0557-Large\"\n\t\t\t\tdata-description=\"\"\n\t\t\t\tdata-image-slug=\"dsc_0557-large\"\n\t\t\t\tclass=\"ngg-simplelightbox\" rel=\"d55aab712778675ea7d919a74d1bbf35\">\n\t\t\t\t<img\n\t\t\t\t\ttitle=\"DSC_0557-Large\"\n\t\t\t\t\talt=\"DSC_0557-Large\"\n\t\t\t\t\tsrc=\"https:\/\/rdbohinj.si\/de\/wp-content\/uploads\/sites\/3\/nggallery\/bohinj-see\/thumbs\/thumbs_DSC_0557-Large.jpeg\"\n\t\t\t\t\twidth=\"240\"\n\t\t\t\t\theight=\"160\"\n\t\t\t\t\tstyle=\"max-width:100%;\"\n\t\t\t\t\/>\n\t\t\t<\/a>\n\t\t<\/div>\n\t\t\t\t\t\t\t<\/div> \n\t\t\t\n\t\t\t\t<div id=\"ngg-image-10\" class=\"ngg-gallery-thumbnail-box \n\t\t\t\t\t\t\t\t\t\t\t\" \n\t\t\t>\n\t\t\t\t\t\t<div class=\"ngg-gallery-thumbnail\">\n\t\t\t<a href=\"https:\/\/rdbohinj.si\/de\/wp-content\/uploads\/sites\/3\/nggallery\/bohinj-see\/DSC_0559-Large.jpeg\"\n\t\t\t\ttitle=\"\"\n\t\t\t\tdata-src=\"https:\/\/rdbohinj.si\/de\/wp-content\/uploads\/sites\/3\/nggallery\/bohinj-see\/DSC_0559-Large.jpeg\"\n\t\t\t\tdata-thumbnail=\"https:\/\/rdbohinj.si\/de\/wp-content\/uploads\/sites\/3\/nggallery\/bohinj-see\/thumbs\/thumbs_DSC_0559-Large.jpeg\"\n\t\t\t\tdata-image-id=\"27\"\n\t\t\t\tdata-title=\"DSC_0559-Large\"\n\t\t\t\tdata-description=\"\"\n\t\t\t\tdata-image-slug=\"dsc_0559-large-1\"\n\t\t\t\tclass=\"ngg-simplelightbox\" rel=\"d55aab712778675ea7d919a74d1bbf35\">\n\t\t\t\t<img\n\t\t\t\t\ttitle=\"DSC_0559-Large\"\n\t\t\t\t\talt=\"DSC_0559-Large\"\n\t\t\t\t\tsrc=\"https:\/\/rdbohinj.si\/de\/wp-content\/uploads\/sites\/3\/nggallery\/bohinj-see\/thumbs\/thumbs_DSC_0559-Large.jpeg\"\n\t\t\t\t\twidth=\"240\"\n\t\t\t\t\theight=\"160\"\n\t\t\t\t\tstyle=\"max-width:100%;\"\n\t\t\t\t\/>\n\t\t\t<\/a>\n\t\t<\/div>\n\t\t\t\t\t\t\t<\/div> \n\t\t\t\n\t\t\t\t<div id=\"ngg-image-11\" class=\"ngg-gallery-thumbnail-box \n\t\t\t\t\t\t\t\t\t\t\t\" \n\t\t\t>\n\t\t\t\t\t\t<div class=\"ngg-gallery-thumbnail\">\n\t\t\t<a href=\"https:\/\/rdbohinj.si\/de\/wp-content\/uploads\/sites\/3\/nggallery\/bohinj-see\/IMGP2511.jpeg\"\n\t\t\t\ttitle=\"\"\n\t\t\t\tdata-src=\"https:\/\/rdbohinj.si\/de\/wp-content\/uploads\/sites\/3\/nggallery\/bohinj-see\/IMGP2511.jpeg\"\n\t\t\t\tdata-thumbnail=\"https:\/\/rdbohinj.si\/de\/wp-content\/uploads\/sites\/3\/nggallery\/bohinj-see\/thumbs\/thumbs_IMGP2511.jpeg\"\n\t\t\t\tdata-image-id=\"28\"\n\t\t\t\tdata-title=\"IMGP2511\"\n\t\t\t\tdata-description=\"\"\n\t\t\t\tdata-image-slug=\"imgp2511\"\n\t\t\t\tclass=\"ngg-simplelightbox\" rel=\"d55aab712778675ea7d919a74d1bbf35\">\n\t\t\t\t<img\n\t\t\t\t\ttitle=\"IMGP2511\"\n\t\t\t\t\talt=\"IMGP2511\"\n\t\t\t\t\tsrc=\"https:\/\/rdbohinj.si\/de\/wp-content\/uploads\/sites\/3\/nggallery\/bohinj-see\/thumbs\/thumbs_IMGP2511.jpeg\"\n\t\t\t\t\twidth=\"240\"\n\t\t\t\t\theight=\"160\"\n\t\t\t\t\tstyle=\"max-width:100%;\"\n\t\t\t\t\/>\n\t\t\t<\/a>\n\t\t<\/div>\n\t\t\t\t\t\t\t<\/div> \n\t\t\t\n\t\n\t<br style=\"clear: both\" \/>\n\n\t\n\t\t<!-- Pagination -->\n\t\t<div class='ngg-clear'><\/div>\t<\/div>\n\n","protected":false},"excerpt":{"rendered":"<p>Der gr\u00f6\u00dfte Gletschersee Sloweniens bietet gro\u00dfartige Fangm\u00f6glichkeiten f\u00fcr Seeforellen, Saiblinge, Bachforellen, D\u00f6bel und Quappen. Es gibt auch einige andere Fischarten im See, die f\u00fcr das Sportfischen interessant sind. FISCHARTEN: \u00c4sche, D\u00f6bel, Flussbarsch, Karausche, Quappe, Regenbogenforelle, Seeforelle, Seesaibling ANGELMETHODEN: Angeln vom Boot, Fliegenfischen, Grundfischen, Posenfischen, Spinnfischen ERLAUBTE K\u00d6DER: Fischk\u00f6der pflanzlichen Ursprungs, K\u00fcnstlichen Fischk\u00f6der GEW\u00c4SSERTYP: stehend Mehr [&hellip;]<\/p>\n","protected":false},"author":1,"featured_media":0,"parent":0,"menu_order":0,"comment_status":"closed","ping_status":"closed","template":"","meta":{"ngg_post_thumbnail":0,"footnotes":""},"class_list":["post-51","page","type-page","status-publish","hentry"],"_links":{"self":[{"href":"https:\/\/rdbohinj.si\/de\/wp-json\/wp\/v2\/pages\/51","targetHints":{"allow":["GET"]}}],"collection":[{"href":"https:\/\/rdbohinj.si\/de\/wp-json\/wp\/v2\/pages"}],"about":[{"href":"https:\/\/rdbohinj.si\/de\/wp-json\/wp\/v2\/types\/page"}],"author":[{"embeddable":true,"href":"https:\/\/rdbohinj.si\/de\/wp-json\/wp\/v2\/users\/1"}],"replies":[{"embeddable":true,"href":"https:\/\/rdbohinj.si\/de\/wp-json\/wp\/v2\/comments?post=51"}],"version-history":[{"count":7,"href":"https:\/\/rdbohinj.si\/de\/wp-json\/wp\/v2\/pages\/51\/revisions"}],"predecessor-version":[{"id":269,"href":"https:\/\/rdbohinj.si\/de\/wp-json\/wp\/v2\/pages\/51\/revisions\/269"}],"wp:attachment":[{"href":"https:\/\/rdbohinj.si\/de\/wp-json\/wp\/v2\/media?parent=51"}],"curies":[{"name":"wp","href":"https:\/\/api.w.org\/{rel}","templated":true}]}}