{"id":47,"date":"2020-12-09T11:05:38","date_gmt":"2020-12-09T10:05:38","guid":{"rendered":"http:\/\/rdbohinj.si\/de\/?page_id=47"},"modified":"2020-12-16T09:50:48","modified_gmt":"2020-12-16T08:50:48","slug":"bach-mostnica","status":"publish","type":"page","link":"https:\/\/rdbohinj.si\/de\/bach-mostnica\/","title":{"rendered":"Bach Mostnica"},"content":{"rendered":"<p>Der malerische Bach eignet sich f\u00fcr Angler, die das Fliegenfischen auf <strong>Bachforellen<\/strong>, <strong>Regenbogenforellen<\/strong> und <strong>\u00c4schen<\/strong> in kleinen und unber\u00fchrten Gebieten lieben. Der Besuch ist auf 5 Angler pro Tag begrenzt!<\/p>\n<ul class=\"block-features\">\n<li><strong><span class=\"bold text-uppercase\">FISCHARTEN:<\/span><\/strong> \u00c4sche, Bachforelle, Regenbogenforelle<\/li>\n<li><strong><span class=\"bold text-uppercase\">ANGELMETHODEN:<\/span><\/strong> Fliegenfischen<\/li>\n<li><strong><span class=\"bold text-uppercase\">ERLAUBTE K\u00d6DER:<\/span><\/strong> Kunstfliegen<\/li>\n<li><strong><span class=\"bold text-uppercase\">GEW\u00c4SSERTYP:<\/span><\/strong> flie\u00dfend<\/li>\n<\/ul>\n<p><a href=\"https:\/\/rdbohinj.si\/de\/fischerkarten\/\"><i class=\"wp-svg-info-2 info-2\"><\/i> Mehr \u00fcber Fischerkarten<\/a><br \/>\n<a href=\"https:\/\/www.ribiskekarte.si\/de\/rd-bohinj\/potok-mostnica\" target=\"_blank\" rel=\"noopener noreferrer\"><i class=\"wp-svg-cart cart\"><\/i> Online-Fischerkartenverkauf<\/a><\/p>\n<p><iframe loading=\"lazy\" src=\"https:\/\/www.google.com\/maps\/d\/u\/8\/embed?mid=1ZmeNhGjaVJ3eeoY1rRfhVReED5aui1UW\" width=\"100%\" height=\"480\"><\/iframe><\/p>\n<!-- default-view.php -->\n<div\n\tclass=\"ngg-galleryoverview default-view \n\t\t\"\n\tid=\"ngg-gallery-555aeef544eff6c55f5ff2cc3be8b8b0-1\">\n\n\t\t<!-- Thumbnails -->\n\t\t\t\t<div id=\"ngg-image-0\" class=\"ngg-gallery-thumbnail-box \n\t\t\t\t\t\t\t\t\t\t\t\" \n\t\t\t>\n\t\t\t\t\t\t<div class=\"ngg-gallery-thumbnail\">\n\t\t\t<a href=\"https:\/\/rdbohinj.si\/de\/wp-content\/uploads\/sites\/3\/nggallery\/bach-mostnica\/mostnica-5-potocna-postrv-brown-trout.jpg\"\n\t\t\t\ttitle=\"\"\n\t\t\t\tdata-src=\"https:\/\/rdbohinj.si\/de\/wp-content\/uploads\/sites\/3\/nggallery\/bach-mostnica\/mostnica-5-potocna-postrv-brown-trout.jpg\"\n\t\t\t\tdata-thumbnail=\"https:\/\/rdbohinj.si\/de\/wp-content\/uploads\/sites\/3\/nggallery\/bach-mostnica\/thumbs\/thumbs_mostnica-5-potocna-postrv-brown-trout.jpg\"\n\t\t\t\tdata-image-id=\"45\"\n\t\t\t\tdata-title=\"mostnica-5-potocna-postrv-brown-trout\"\n\t\t\t\tdata-description=\"\"\n\t\t\t\tdata-image-slug=\"mostnica-5-potocna-postrv-brown-trout\"\n\t\t\t\tclass=\"ngg-simplelightbox\" rel=\"555aeef544eff6c55f5ff2cc3be8b8b0\">\n\t\t\t\t<img\n\t\t\t\t\ttitle=\"mostnica-5-potocna-postrv-brown-trout\"\n\t\t\t\t\talt=\"mostnica-5-potocna-postrv-brown-trout\"\n\t\t\t\t\tsrc=\"https:\/\/rdbohinj.si\/de\/wp-content\/uploads\/sites\/3\/nggallery\/bach-mostnica\/thumbs\/thumbs_mostnica-5-potocna-postrv-brown-trout.jpg\"\n\t\t\t\t\twidth=\"240\"\n\t\t\t\t\theight=\"160\"\n\t\t\t\t\tstyle=\"max-width:100%;\"\n\t\t\t\t\/>\n\t\t\t<\/a>\n\t\t<\/div>\n\t\t\t\t\t\t\t<\/div> \n\t\t\t\n\t\t\t\t<div id=\"ngg-image-1\" class=\"ngg-gallery-thumbnail-box \n\t\t\t\t\t\t\t\t\t\t\t\" \n\t\t\t>\n\t\t\t\t\t\t<div class=\"ngg-gallery-thumbnail\">\n\t\t\t<a href=\"https:\/\/rdbohinj.si\/de\/wp-content\/uploads\/sites\/3\/nggallery\/bach-mostnica\/IMG_4408-1.jpg\"\n\t\t\t\ttitle=\"\"\n\t\t\t\tdata-src=\"https:\/\/rdbohinj.si\/de\/wp-content\/uploads\/sites\/3\/nggallery\/bach-mostnica\/IMG_4408-1.jpg\"\n\t\t\t\tdata-thumbnail=\"https:\/\/rdbohinj.si\/de\/wp-content\/uploads\/sites\/3\/nggallery\/bach-mostnica\/thumbs\/thumbs_IMG_4408-1.jpg\"\n\t\t\t\tdata-image-id=\"46\"\n\t\t\t\tdata-title=\"IMG_4408-1\"\n\t\t\t\tdata-description=\"\"\n\t\t\t\tdata-image-slug=\"img_4408-1\"\n\t\t\t\tclass=\"ngg-simplelightbox\" rel=\"555aeef544eff6c55f5ff2cc3be8b8b0\">\n\t\t\t\t<img\n\t\t\t\t\ttitle=\"IMG_4408-1\"\n\t\t\t\t\talt=\"IMG_4408-1\"\n\t\t\t\t\tsrc=\"https:\/\/rdbohinj.si\/de\/wp-content\/uploads\/sites\/3\/nggallery\/bach-mostnica\/thumbs\/thumbs_IMG_4408-1.jpg\"\n\t\t\t\t\twidth=\"240\"\n\t\t\t\t\theight=\"160\"\n\t\t\t\t\tstyle=\"max-width:100%;\"\n\t\t\t\t\/>\n\t\t\t<\/a>\n\t\t<\/div>\n\t\t\t\t\t\t\t<\/div> \n\t\t\t\n\t\t\t\t<div id=\"ngg-image-2\" class=\"ngg-gallery-thumbnail-box \n\t\t\t\t\t\t\t\t\t\t\t\" \n\t\t\t>\n\t\t\t\t\t\t<div class=\"ngg-gallery-thumbnail\">\n\t\t\t<a href=\"https:\/\/rdbohinj.si\/de\/wp-content\/uploads\/sites\/3\/nggallery\/bach-mostnica\/mostnica-2.jpg\"\n\t\t\t\ttitle=\"\"\n\t\t\t\tdata-src=\"https:\/\/rdbohinj.si\/de\/wp-content\/uploads\/sites\/3\/nggallery\/bach-mostnica\/mostnica-2.jpg\"\n\t\t\t\tdata-thumbnail=\"https:\/\/rdbohinj.si\/de\/wp-content\/uploads\/sites\/3\/nggallery\/bach-mostnica\/thumbs\/thumbs_mostnica-2.jpg\"\n\t\t\t\tdata-image-id=\"47\"\n\t\t\t\tdata-title=\"mostnica-2\"\n\t\t\t\tdata-description=\"\"\n\t\t\t\tdata-image-slug=\"mostnica-2\"\n\t\t\t\tclass=\"ngg-simplelightbox\" rel=\"555aeef544eff6c55f5ff2cc3be8b8b0\">\n\t\t\t\t<img\n\t\t\t\t\ttitle=\"mostnica-2\"\n\t\t\t\t\talt=\"mostnica-2\"\n\t\t\t\t\tsrc=\"https:\/\/rdbohinj.si\/de\/wp-content\/uploads\/sites\/3\/nggallery\/bach-mostnica\/thumbs\/thumbs_mostnica-2.jpg\"\n\t\t\t\t\twidth=\"240\"\n\t\t\t\t\theight=\"160\"\n\t\t\t\t\tstyle=\"max-width:100%;\"\n\t\t\t\t\/>\n\t\t\t<\/a>\n\t\t<\/div>\n\t\t\t\t\t\t\t<\/div> \n\t\t\t\n\t\t\t\t<div id=\"ngg-image-3\" class=\"ngg-gallery-thumbnail-box \n\t\t\t\t\t\t\t\t\t\t\t\" \n\t\t\t>\n\t\t\t\t\t\t<div class=\"ngg-gallery-thumbnail\">\n\t\t\t<a href=\"https:\/\/rdbohinj.si\/de\/wp-content\/uploads\/sites\/3\/nggallery\/bach-mostnica\/mostnica-3.jpg\"\n\t\t\t\ttitle=\"\"\n\t\t\t\tdata-src=\"https:\/\/rdbohinj.si\/de\/wp-content\/uploads\/sites\/3\/nggallery\/bach-mostnica\/mostnica-3.jpg\"\n\t\t\t\tdata-thumbnail=\"https:\/\/rdbohinj.si\/de\/wp-content\/uploads\/sites\/3\/nggallery\/bach-mostnica\/thumbs\/thumbs_mostnica-3.jpg\"\n\t\t\t\tdata-image-id=\"48\"\n\t\t\t\tdata-title=\"mostnica-3\"\n\t\t\t\tdata-description=\"\"\n\t\t\t\tdata-image-slug=\"mostnica-3\"\n\t\t\t\tclass=\"ngg-simplelightbox\" rel=\"555aeef544eff6c55f5ff2cc3be8b8b0\">\n\t\t\t\t<img\n\t\t\t\t\ttitle=\"mostnica-3\"\n\t\t\t\t\talt=\"mostnica-3\"\n\t\t\t\t\tsrc=\"https:\/\/rdbohinj.si\/de\/wp-content\/uploads\/sites\/3\/nggallery\/bach-mostnica\/thumbs\/thumbs_mostnica-3.jpg\"\n\t\t\t\t\twidth=\"240\"\n\t\t\t\t\theight=\"160\"\n\t\t\t\t\tstyle=\"max-width:100%;\"\n\t\t\t\t\/>\n\t\t\t<\/a>\n\t\t<\/div>\n\t\t\t\t\t\t\t<\/div> \n\t\t\t\n\t\t\t\t<div id=\"ngg-image-4\" class=\"ngg-gallery-thumbnail-box \n\t\t\t\t\t\t\t\t\t\t\t\" \n\t\t\t>\n\t\t\t\t\t\t<div class=\"ngg-gallery-thumbnail\">\n\t\t\t<a href=\"https:\/\/rdbohinj.si\/de\/wp-content\/uploads\/sites\/3\/nggallery\/bach-mostnica\/IMG_4414-1.jpg\"\n\t\t\t\ttitle=\"\"\n\t\t\t\tdata-src=\"https:\/\/rdbohinj.si\/de\/wp-content\/uploads\/sites\/3\/nggallery\/bach-mostnica\/IMG_4414-1.jpg\"\n\t\t\t\tdata-thumbnail=\"https:\/\/rdbohinj.si\/de\/wp-content\/uploads\/sites\/3\/nggallery\/bach-mostnica\/thumbs\/thumbs_IMG_4414-1.jpg\"\n\t\t\t\tdata-image-id=\"49\"\n\t\t\t\tdata-title=\"IMG_4414-1\"\n\t\t\t\tdata-description=\"\"\n\t\t\t\tdata-image-slug=\"img_4414-1-1\"\n\t\t\t\tclass=\"ngg-simplelightbox\" rel=\"555aeef544eff6c55f5ff2cc3be8b8b0\">\n\t\t\t\t<img\n\t\t\t\t\ttitle=\"IMG_4414-1\"\n\t\t\t\t\talt=\"IMG_4414-1\"\n\t\t\t\t\tsrc=\"https:\/\/rdbohinj.si\/de\/wp-content\/uploads\/sites\/3\/nggallery\/bach-mostnica\/thumbs\/thumbs_IMG_4414-1.jpg\"\n\t\t\t\t\twidth=\"240\"\n\t\t\t\t\theight=\"160\"\n\t\t\t\t\tstyle=\"max-width:100%;\"\n\t\t\t\t\/>\n\t\t\t<\/a>\n\t\t<\/div>\n\t\t\t\t\t\t\t<\/div> \n\t\t\t\n\t\t\t\t<div id=\"ngg-image-5\" class=\"ngg-gallery-thumbnail-box \n\t\t\t\t\t\t\t\t\t\t\t\" \n\t\t\t>\n\t\t\t\t\t\t<div class=\"ngg-gallery-thumbnail\">\n\t\t\t<a href=\"https:\/\/rdbohinj.si\/de\/wp-content\/uploads\/sites\/3\/nggallery\/bach-mostnica\/IMG_4416-1.jpg\"\n\t\t\t\ttitle=\"\"\n\t\t\t\tdata-src=\"https:\/\/rdbohinj.si\/de\/wp-content\/uploads\/sites\/3\/nggallery\/bach-mostnica\/IMG_4416-1.jpg\"\n\t\t\t\tdata-thumbnail=\"https:\/\/rdbohinj.si\/de\/wp-content\/uploads\/sites\/3\/nggallery\/bach-mostnica\/thumbs\/thumbs_IMG_4416-1.jpg\"\n\t\t\t\tdata-image-id=\"50\"\n\t\t\t\tdata-title=\"IMG_4416-1\"\n\t\t\t\tdata-description=\"\"\n\t\t\t\tdata-image-slug=\"img_4416-1-1\"\n\t\t\t\tclass=\"ngg-simplelightbox\" rel=\"555aeef544eff6c55f5ff2cc3be8b8b0\">\n\t\t\t\t<img\n\t\t\t\t\ttitle=\"IMG_4416-1\"\n\t\t\t\t\talt=\"IMG_4416-1\"\n\t\t\t\t\tsrc=\"https:\/\/rdbohinj.si\/de\/wp-content\/uploads\/sites\/3\/nggallery\/bach-mostnica\/thumbs\/thumbs_IMG_4416-1.jpg\"\n\t\t\t\t\twidth=\"240\"\n\t\t\t\t\theight=\"160\"\n\t\t\t\t\tstyle=\"max-width:100%;\"\n\t\t\t\t\/>\n\t\t\t<\/a>\n\t\t<\/div>\n\t\t\t\t\t\t\t<\/div> \n\t\t\t\n\t\t\t\t<div id=\"ngg-image-6\" class=\"ngg-gallery-thumbnail-box \n\t\t\t\t\t\t\t\t\t\t\t\" \n\t\t\t>\n\t\t\t\t\t\t<div class=\"ngg-gallery-thumbnail\">\n\t\t\t<a href=\"https:\/\/rdbohinj.si\/de\/wp-content\/uploads\/sites\/3\/nggallery\/bach-mostnica\/mostnica-potocna-postrv-underwater.jpg\"\n\t\t\t\ttitle=\"\"\n\t\t\t\tdata-src=\"https:\/\/rdbohinj.si\/de\/wp-content\/uploads\/sites\/3\/nggallery\/bach-mostnica\/mostnica-potocna-postrv-underwater.jpg\"\n\t\t\t\tdata-thumbnail=\"https:\/\/rdbohinj.si\/de\/wp-content\/uploads\/sites\/3\/nggallery\/bach-mostnica\/thumbs\/thumbs_mostnica-potocna-postrv-underwater.jpg\"\n\t\t\t\tdata-image-id=\"51\"\n\t\t\t\tdata-title=\"mostnica-potocna-postrv-underwater\"\n\t\t\t\tdata-description=\"\"\n\t\t\t\tdata-image-slug=\"mostnica-potocna-postrv-underwater\"\n\t\t\t\tclass=\"ngg-simplelightbox\" rel=\"555aeef544eff6c55f5ff2cc3be8b8b0\">\n\t\t\t\t<img\n\t\t\t\t\ttitle=\"mostnica-potocna-postrv-underwater\"\n\t\t\t\t\talt=\"mostnica-potocna-postrv-underwater\"\n\t\t\t\t\tsrc=\"https:\/\/rdbohinj.si\/de\/wp-content\/uploads\/sites\/3\/nggallery\/bach-mostnica\/thumbs\/thumbs_mostnica-potocna-postrv-underwater.jpg\"\n\t\t\t\t\twidth=\"240\"\n\t\t\t\t\theight=\"160\"\n\t\t\t\t\tstyle=\"max-width:100%;\"\n\t\t\t\t\/>\n\t\t\t<\/a>\n\t\t<\/div>\n\t\t\t\t\t\t\t<\/div> \n\t\t\t\n\t\t\t\t<div id=\"ngg-image-7\" class=\"ngg-gallery-thumbnail-box \n\t\t\t\t\t\t\t\t\t\t\t\" \n\t\t\t>\n\t\t\t\t\t\t<div class=\"ngg-gallery-thumbnail\">\n\t\t\t<a href=\"https:\/\/rdbohinj.si\/de\/wp-content\/uploads\/sites\/3\/nggallery\/bach-mostnica\/mostnica1.jpg\"\n\t\t\t\ttitle=\"\"\n\t\t\t\tdata-src=\"https:\/\/rdbohinj.si\/de\/wp-content\/uploads\/sites\/3\/nggallery\/bach-mostnica\/mostnica1.jpg\"\n\t\t\t\tdata-thumbnail=\"https:\/\/rdbohinj.si\/de\/wp-content\/uploads\/sites\/3\/nggallery\/bach-mostnica\/thumbs\/thumbs_mostnica1.jpg\"\n\t\t\t\tdata-image-id=\"52\"\n\t\t\t\tdata-title=\"mostnica1\"\n\t\t\t\tdata-description=\"\"\n\t\t\t\tdata-image-slug=\"mostnica1\"\n\t\t\t\tclass=\"ngg-simplelightbox\" rel=\"555aeef544eff6c55f5ff2cc3be8b8b0\">\n\t\t\t\t<img\n\t\t\t\t\ttitle=\"mostnica1\"\n\t\t\t\t\talt=\"mostnica1\"\n\t\t\t\t\tsrc=\"https:\/\/rdbohinj.si\/de\/wp-content\/uploads\/sites\/3\/nggallery\/bach-mostnica\/thumbs\/thumbs_mostnica1.jpg\"\n\t\t\t\t\twidth=\"240\"\n\t\t\t\t\theight=\"160\"\n\t\t\t\t\tstyle=\"max-width:100%;\"\n\t\t\t\t\/>\n\t\t\t<\/a>\n\t\t<\/div>\n\t\t\t\t\t\t\t<\/div> \n\t\t\t\n\t\n\t<br style=\"clear: both\" \/>\n\n\t\n\t\t<!-- Pagination -->\n\t\t<div class='ngg-clear'><\/div>\t<\/div>\n\n","protected":false},"excerpt":{"rendered":"<p>Der malerische Bach eignet sich f\u00fcr Angler, die das Fliegenfischen auf Bachforellen, Regenbogenforellen und \u00c4schen in kleinen und unber\u00fchrten Gebieten lieben. Der Besuch ist auf 5 Angler pro Tag begrenzt! FISCHARTEN: \u00c4sche, Bachforelle, Regenbogenforelle ANGELMETHODEN: Fliegenfischen ERLAUBTE K\u00d6DER: Kunstfliegen GEW\u00c4SSERTYP: flie\u00dfend Mehr \u00fcber Fischerkarten Online-Fischerkartenverkauf<\/p>\n","protected":false},"author":1,"featured_media":0,"parent":0,"menu_order":0,"comment_status":"closed","ping_status":"closed","template":"","meta":{"ngg_post_thumbnail":0,"footnotes":""},"class_list":["post-47","page","type-page","status-publish","hentry"],"_links":{"self":[{"href":"https:\/\/rdbohinj.si\/de\/wp-json\/wp\/v2\/pages\/47","targetHints":{"allow":["GET"]}}],"collection":[{"href":"https:\/\/rdbohinj.si\/de\/wp-json\/wp\/v2\/pages"}],"about":[{"href":"https:\/\/rdbohinj.si\/de\/wp-json\/wp\/v2\/types\/page"}],"author":[{"embeddable":true,"href":"https:\/\/rdbohinj.si\/de\/wp-json\/wp\/v2\/users\/1"}],"replies":[{"embeddable":true,"href":"https:\/\/rdbohinj.si\/de\/wp-json\/wp\/v2\/comments?post=47"}],"version-history":[{"count":8,"href":"https:\/\/rdbohinj.si\/de\/wp-json\/wp\/v2\/pages\/47\/revisions"}],"predecessor-version":[{"id":276,"href":"https:\/\/rdbohinj.si\/de\/wp-json\/wp\/v2\/pages\/47\/revisions\/276"}],"wp:attachment":[{"href":"https:\/\/rdbohinj.si\/de\/wp-json\/wp\/v2\/media?parent=47"}],"curies":[{"name":"wp","href":"https:\/\/api.w.org\/{rel}","templated":true}]}}