{"id":43,"date":"2020-12-09T11:05:13","date_gmt":"2020-12-09T10:05:13","guid":{"rendered":"http:\/\/rdbohinj.si\/de\/?page_id=43"},"modified":"2020-12-22T09:28:20","modified_gmt":"2020-12-22T08:28:20","slug":"kontakt","status":"publish","type":"page","link":"https:\/\/rdbohinj.si\/de\/kontakt\/","title":{"rendered":"Kontakt"},"content":{"rendered":"<div class=\"container-fluid\">\n<div class=\"row\">\n<div class=\"col-sm-4\" style=\"background-color: white;\">\n<p><strong>Allgemeine Informationen<\/strong><\/p>\n<p>Fischerfamilie Bohinj<br \/>\nJelov\u0161ka cesta 5, 4264 Bohinjska Bistrica, Slowenien<\/p>\n<p><strong>HANDY:<\/strong> +386 (0)41 470 275<br \/>\n<strong>EMAIL:<\/strong> ribici@rdbohinj.si<\/p>\n<p><strong>B\u00dcROZEITEN:<\/strong> Jeden Freitag von 18.00 bis 20.00 Uhr. Das B\u00fcro ist an Feiertagen geschlossen.<\/p>\n<\/div>\n<div class=\"col-sm-4\" style=\"background-color: white;\">\n<p><strong>Direkte Kontakte:<\/strong><\/p>\n<p><strong>&#8211; Pr\u00e4sident: Herr Marko Krajnc<\/strong><br \/>\nE-mail: krajncmarko91@gmail.com<br \/>\nH: +386 (0)41 470 275<\/p>\n<p><strong>&#8211; Verwalter: Herr Bla\u017e Selan<\/strong><br \/>\nE-mail: ribici@rdbohinj.si<br \/>\nH: +386 (0)70 521 687<\/p>\n<p><strong>&#8211; Fischeraufsicht: Herr Marko Gradnik<\/strong><br \/>\nE-mail: ribici@rdbohinj.si<br \/>\nH: +386 (0)40 468 990<\/p>\n<p><strong>&#8211; Sekret\u00e4rin: Frau Marija Dobravec<\/strong><br \/>\nE-mail: ribici@rdbohinj.si<br \/>\nH: +386 (0)41 357 996<\/p>\n<p><strong>&#8211; Kassier: Herr Leopold Selan<\/strong><br \/>\nE-mail: ribici@rdbohinj.si<br \/>\nH: +386 (0)41 904 099<\/p>\n<\/div>\n<div class=\"col-sm-4\" style=\"background-color: white;\">\n<p>[contact-form-7 id=&#8220;201&#8243; title=&#8220;Ohne Titel&#8220;]<\/p>\n<\/div>\n<\/div>\n<\/div>\n<p>&nbsp;<br \/>\n&nbsp;<br \/>\n<iframe loading=\"lazy\" src=\"https:\/\/www.google.com\/maps\/d\/u\/8\/embed?mid=1WBkZTUgG24_qFlxMQDbuf358y6NFiyWA\" width=\"100%\" height=\"480\"><\/iframe><\/p>\n<p><img decoding=\"async\" src=\"http:\/\/rdbohinj.si\/wp-content\/uploads\/2020\/11\/Panorama_ribogojnica-1.jpg\" width=\"100%\"><\/p>\n","protected":false},"excerpt":{"rendered":"<p>Allgemeine Informationen Fischerfamilie Bohinj Jelov\u0161ka cesta 5, 4264 Bohinjska Bistrica, Slowenien HANDY: +386 (0)41 470 275 EMAIL: ribici@rdbohinj.si B\u00dcROZEITEN: Jeden Freitag von 18.00 bis 20.00 Uhr. Das B\u00fcro ist an Feiertagen geschlossen. Direkte Kontakte: &#8211; Pr\u00e4sident: Herr Marko Krajnc E-mail: krajncmarko91@gmail.com H: +386 (0)41 470 275 &#8211; Verwalter: Herr Bla\u017e Selan E-mail: ribici@rdbohinj.si H: +386 [&hellip;]<\/p>\n","protected":false},"author":1,"featured_media":0,"parent":0,"menu_order":0,"comment_status":"closed","ping_status":"closed","template":"","meta":{"ngg_post_thumbnail":0,"footnotes":""},"class_list":["post-43","page","type-page","status-publish","hentry"],"_links":{"self":[{"href":"https:\/\/rdbohinj.si\/de\/wp-json\/wp\/v2\/pages\/43","targetHints":{"allow":["GET"]}}],"collection":[{"href":"https:\/\/rdbohinj.si\/de\/wp-json\/wp\/v2\/pages"}],"about":[{"href":"https:\/\/rdbohinj.si\/de\/wp-json\/wp\/v2\/types\/page"}],"author":[{"embeddable":true,"href":"https:\/\/rdbohinj.si\/de\/wp-json\/wp\/v2\/users\/1"}],"replies":[{"embeddable":true,"href":"https:\/\/rdbohinj.si\/de\/wp-json\/wp\/v2\/comments?post=43"}],"version-history":[{"count":10,"href":"https:\/\/rdbohinj.si\/de\/wp-json\/wp\/v2\/pages\/43\/revisions"}],"predecessor-version":[{"id":281,"href":"https:\/\/rdbohinj.si\/de\/wp-json\/wp\/v2\/pages\/43\/revisions\/281"}],"wp:attachment":[{"href":"https:\/\/rdbohinj.si\/de\/wp-json\/wp\/v2\/media?parent=43"}],"curies":[{"name":"wp","href":"https:\/\/api.w.org\/{rel}","templated":true}]}}