{"id":209,"date":"2020-12-09T16:10:21","date_gmt":"2020-12-09T15:10:21","guid":{"rendered":"http:\/\/rdbohinj.si\/de\/?page_id=209"},"modified":"2020-12-09T16:25:36","modified_gmt":"2020-12-09T15:25:36","slug":"die-fische-in-bohinj","status":"publish","type":"page","link":"https:\/\/rdbohinj.si\/de\/die-fische-in-bohinj\/","title":{"rendered":"Die Fische in Bohinj"},"content":{"rendered":"<p>Die Fischgesellschaft in Bohinj bestimmen der Bohinj See und der Sava Bohinjka Fluss. Die zwei ziemlich verschiedene Gew\u00e4sser bieten gute Lebensverh\u00e4ltnisse f\u00fcr verschiedene Fischarten. Einige Arten leben ausschlie\u00dflich im flie\u00dfenden Wasser, andere im stillen Seewasser, dritte wiederum leben in beiden Umgebungen.<\/p>\n<div id=\"attachment_451\" style=\"width: 310px\" class=\"wp-caption alignright\"><img loading=\"lazy\" decoding=\"async\" aria-describedby=\"caption-attachment-451\" class=\"wp-image-451 size-medium\" src=\"http:\/\/rdbohinj.si\/wp-content\/uploads\/2020\/11\/IMG_0068-300x169.jpg\" alt=\"\" width=\"300\" height=\"169\"><p id=\"caption-attachment-451\" class=\"wp-caption-text\">Seeforelle<\/p><\/div>\n<h5>Seeforelle<\/h5>\n<p>War bis zum Einbringen des Seesaiblings der dominante Fisch im Bohinj See. Die Forellen im See waren bis zu 20&nbsp;kg schwer und bis zu 220&nbsp;cm lang. Immer noch schwimmen ziemlich viele im See, deren Zahl ist aber auch wegen der intensiven Fischerei in Vergangenheit niedriger. Ebenso bedroht sie auch das Einbringen von Seeforellen aus anderen Umgebungen, sogar aus Ohrid See in Makedonien.<br \/>\nDie Seeforelle ist nach der K\u00f6rperform sehr \u00e4hnlich wie die Bachforelle. Von dieser unterscheidet sie sich nach dem R\u00fccken, der dicht mit schwarzen Punkten verschiedener Formen bes\u00e4t ist.<br \/>\nDer Bauch ist hell, die Schwanzflosse ist bei erwachsenen Fischen fast gerade, bei j\u00fcngeren Fischen ist die Seite gekerbt. Geschlechtsreife M\u00e4nnchen der Seeforelle, besonders die \u00e4lteren, haben einen nach oben gekr\u00fcmmten Unterkiefer.<br \/>\nDie Seeforellen halten sich am liebsten in den Tiefen, an den M\u00fcndungen der Sturzb\u00e4che und an den Bodenquellen (Ukanc an der M\u00fcndung von Savica, am Ufer unter Pr\u0161ivec, Fu\u017eina Bucht, &#8230;) auf, man kann sie aber auch beobachten, wie sie nah am Ufer auf ihre Beute lauern; die Seeforelle ist aber ein sehr scheuer Fisch, den man sich sehr vorsichtig ann\u00e4hern muss.<br \/>\nDie Jungfische ern\u00e4hren sich vor allem von Bodenfutter, die Erwachsenen sind Raubfische und ern\u00e4hren sich vorwiegend mit Fischen.<br \/>\nSie laichen im Herbst \u2013 Oktober oder November, der H\u00f6hepunkt ist in der zweiten H\u00e4lfte Oktober, im November und der ersten H\u00e4lfte Dezember. Bei g\u00fcnstigem Wasserstand der Zufl\u00fcsse kommen zu den Laichpl\u00e4tzen in Savica, Mostnica und Ribnica. Nach dem Laichen kehren sie zur\u00fcck in die Tiefen des Sees. Seltener laichen sie im See (auf den Kiesaufsch\u00fcttungen der Sturzb\u00e4che an den Zufl\u00fcssen von Savica und Govic Wasserfall), aber nur bei niedrigem Wasserstand der Zufl\u00fcsse.<\/p>\n<div id=\"attachment_438\" style=\"width: 310px\" class=\"wp-caption alignright\"><img loading=\"lazy\" decoding=\"async\" aria-describedby=\"caption-attachment-438\" class=\"wp-image-438 size-medium\" src=\"http:\/\/rdbohinj.si\/wp-content\/uploads\/2020\/11\/P1110845-300x169.jpg\" alt=\"\" width=\"300\" height=\"169\"><p id=\"caption-attachment-438\" class=\"wp-caption-text\">Bachforelle<\/p><\/div>\n<h5>Bachforelle<\/h5>\n<p>Die Bachforelle ist eine Bewohnerin von Bohinj See, sowie auch von Sava Bohinjka und dessen Zufl\u00fcssen. Die Bachforellen, die zum Laichen in Savica kommen, sehen anders aus, als die Bachforellen im Sava. Sie sind viel st\u00e4mmiger und mit gr\u00f6\u00dferen roten Punkten, die metallisch blau umrundet sind. Der K\u00f6rper der Bachforelle, die aus dem See stammt, ist an der Seitenlinie gold-gelb gef\u00e4rbt, wie mit goldenem Staub bes\u00e4t. Ihr Fleisch ist wegen ihrer Ern\u00e4hrungswiese sch\u00f6n rot. Sie w\u00e4chst auch bis zu 60&nbsp;cm und mehr. Die Bachforelle im Sava wird nicht so lang, hat keine so sch\u00f6ne goldene Farbe an der Seitenlinie und keine so gro\u00dfen roten Punkte; ihr Fleisch ist nicht so sch\u00f6n rot, wie bei der Bachforelle aus dem See. Das zeigt auf die M\u00f6glichkeit, dass es in Bohinj neben der Seeforelle auch verschiedene Arten von Bachforellen gab, die sich wegen verschiedenen Laichpl\u00e4tzen oder Laichzeiten nicht untereinander gekreuzt haben. Es gibt in Europa einige solche Beispiele der Kohabitation der Bachforellen. Deshalb werden die Ergebnisse der Genanalysen, die schon an Bachforellen von Bohinj verlaufen, sehr interessant sein.<br \/>\nEbenso wie in anderen Gew\u00e4ssern in Slowenien, wurden in der Vergangenheit auch in Bohinj Bachforellen aus anderen Donau- oder sogar aus atlantischen Flussgebieten eingesetzt. Deshalb kann man in Sava und in den meisten Zufl\u00fcssen nur selten eine Bachforelle von Bohinj finden. Die haben sich nur in den oberen Teilen einiger Zufl\u00fcsse erhalten, wie Mostnica, Suha, Jereka und Ribnica. Charakteristisch f\u00fcr diese Forellen ist, dass sie in sehr schwierigen Verh\u00e4ltnissen leben, denn diese Gew\u00e4sser sind Wildb\u00e4che, wo es weniger Futter gibt und die Fische haben sich daran angepasst. Der K\u00f6rper dieser Bachforellen ist mehr zylinderf\u00f6rmig als bei der Bachforelle aus Sava. Die Schwanzflosse und Fettflosse sind bei dieser Forelle sehr rot und der Fleisch ist sanft rot, manchmal fast gelblich. Die roten Punkte sind kleiner, ziemlich dicht beieinander und \u00fcber den ganzen K\u00f6rper mit den schwarzen vermischt. Diese urspr\u00fcnglichen Bachforellen, die erhalten blieben, und die Forellen die zum Laichen nach Savica kommen, werden eine Basis f\u00fcr die Wiedereinb\u00fcrgerung der Bachforelle in Bohinj sein.<br \/>\nDie Bachforelle ern\u00e4hrt sich vor allem von wirbellosen Bodentieren, sie kommt auch auf die Wasseroberfl\u00e4che um sich von Insekte zu fangen, die gr\u00f6\u00dferen Fische essen auch andere Fische.<br \/>\nDie Laichzeit ist Ende Herbst und Anfang Winter, der H\u00f6hepunkt ist im November. Die wichtigsten Laichgebiete sind in den Zufl\u00fcssen von Sava, in Mostnica, Ribnica, Belca, Bezdena und wie gesagt in Savica; sie laicht auch in Sava. Wegen der vergr\u00f6\u00dferten Entnahme von Schotter aus dem Bett von Sava, ist bei niedrigem Wasserstand der Zutritt der Bachforellen aus Sava zu den Laichpl\u00e4tzen in den Zufl\u00fcssen erschwert, manchmal sogar unm\u00f6glich.<\/p>\n<div id=\"attachment_436\" style=\"width: 310px\" class=\"wp-caption alignright\"><img loading=\"lazy\" decoding=\"async\" aria-describedby=\"caption-attachment-436\" class=\"wp-image-436 size-medium\" src=\"http:\/\/rdbohinj.si\/wp-content\/uploads\/2020\/11\/IMG_9851-300x200.jpg\" alt=\"\" width=\"300\" height=\"200\"><p id=\"caption-attachment-436\" class=\"wp-caption-text\">\u00c4sche<\/p><\/div>\n<h5>\u00c4sche<\/h5>\n<p>Sie besiedelt den Sava Fluss, Teile seiner Zufl\u00fcsse und den See. Das sch\u00f6nste \u00c4schen Revier ist der untere Teil von Mostnica, auf den die Fischer von Bohinj besonders stolz sind.<br \/>\nDie \u00c4sche, die in Sava Bohinjka lebt, hat einen abgeflachten K\u00f6rper, gew\u00f6lbten R\u00fccken und eine lange R\u00fcckenflosse in sch\u00f6nen Regenbogenfarben, die wie ein Schachbrett aussieht. Der K\u00f6rper ist mit ziemlich gro\u00dfen Schuppen bedeckt. Der Kopf, wo es keine Schuppen gibt, ist ziemlich klein mit unterst\u00e4ndigem Mund und kleinen Lippen. Die \u00c4sche in Sava h\u00e4lt sich am liebsten an Wasserstrahlen und \u00dcberfl\u00fcssen auf. Dort k\u00f6nnen sie auch die Fischer am leichtesten an wundersch\u00f6nen orange-roten Flossen erkennen.<br \/>\nIm letzten Jahrzehnt haben Kormorane die Population dezimiert; ebenso beeinflussen die \u00c4sche auch schlechte Wasserqualit\u00e4t in Sava und vergr\u00f6\u00dferte Entnahme von Schotter aus Sava.<br \/>\nDie \u00c4sche ern\u00e4hrt sich von wirbellosen Bodentieren, sowie auch von Insekten auf der Wasseroberfl\u00e4che und deshalb ist sie wichtig f\u00fcr Sportfischerei \u2013 Fliegenfischerei.<br \/>\nIn Bohinj laicht die \u00c4sche in April und Anfang Mai. Sie w\u00e4hlt sich Laichpl\u00e4tze in Sava, Mostnica und Ribnica aus; die wichtigsten sind Brod, Kamnje, Polje und La\u0161ki rovt im Sava, die unteren Teile von Mostnica und Ribnica.<br \/>\nIn Bohinj hat man auch mit der Zucht von \u00c4sche in Slowenien begonnen. Die Zucht basierte auf den Fischen aus Sava und auf Seeplankton, als erste Futterquelle f\u00fcr die \u00c4schen Brut. Leider hat man die Zucht in den letzten Jahren aufgegeben und die Fischbrutanstalt unter Pr\u0161ivec verf\u00e4llt langsam. Die Fischer von Bohinj m\u00fcssen so aufs Neue mit der Zucht der \u00c4sche beginnen und die Tradition erhalten.<\/p>\n<p><strong>Andere heimische Fischarten<\/strong><\/p>\n<p>In Bohinj findet man noch viele andere heimische Fischarten.<\/p>\n<p>Die <strong>Quappe<\/strong> lebt im See. In den letzten Jahren nimmt ihr Fischzug im See ab. Das k\u00f6nnte auch mit der \u00c4nderung der Fischerei des Seesaiblings zu tun haben.<\/p>\n<p>Der <strong>D\u00f6bel<\/strong> lebt im See und in Sava. Im See kann man ganze Schw\u00e4rme von D\u00f6beln sehen, wie sie unter der Oberfl\u00e4che \u201esonnenbaden\u201c. In Sava ist die Zahl der D\u00f6bel wegen der erh\u00f6hten Anwesenheit von Huchen abgestiegen.<\/p>\n<div id=\"attachment_221\" style=\"width: 310px\" class=\"wp-caption alignright\"><img loading=\"lazy\" decoding=\"async\" aria-describedby=\"caption-attachment-221\" class=\"wp-image-221 size-medium\" src=\"http:\/\/rdbohinj.si\/de\/wp-content\/uploads\/sites\/3\/2020\/12\/IMGP2509-300x175.jpg\" alt=\"\" width=\"300\" height=\"175\" srcset=\"https:\/\/rdbohinj.si\/de\/wp-content\/uploads\/sites\/3\/2020\/12\/IMGP2509-300x175.jpg 300w, https:\/\/rdbohinj.si\/de\/wp-content\/uploads\/sites\/3\/2020\/12\/IMGP2509-768x448.jpg 768w, https:\/\/rdbohinj.si\/de\/wp-content\/uploads\/sites\/3\/2020\/12\/IMGP2509.jpg 1000w\" sizes=\"auto, (max-width: 300px) 100vw, 300px\" \/><p id=\"caption-attachment-221\" class=\"wp-caption-text\">Huchen<\/p><\/div>\n<p>Der <strong>Huchen<\/strong> war in Sava nur ein gelegentlicher Gast. Heutzutage ist der Fischbestand wegen intensiven Einbringens h\u00f6her, was sich an der Zahl der Moderlieschen in Sava abspiegelt.<\/p>\n<p>Die Population von <strong>Str\u00f6mer<\/strong> ist im See und in Sava stabil. Das gleiche gilt auch f\u00fcr die Population der <strong>Hasseln<\/strong>.<\/p>\n<p>Die Zahl der <strong>Groppen<\/strong> in Sava sinkt. Die Ursache kann sowohl die Wasserqualit\u00e4t als auch die Entnahme von Kies sein. Die Population im See ist gut.<\/p>\n<p>Die <strong>Elritze<\/strong> war einst der bedeutendste K\u00f6derfisch f\u00fcr die Fischerei des Seesaiblings. Heutzutage sinkt seine Zahl wegen der Anwesenheit von <strong>Barsch<\/strong>, der im See erschienen ist. Insbesondere in den Zufl\u00fcssen von Sava findet man auch <strong>Hundsbarbe<\/strong>. Ebenso findet man hier <strong>Flusskrebse<\/strong>.<\/p>\n<p><strong>Fremdl\u00e4ndische Fischarten<\/strong><\/p>\n<p>Auch die Gew\u00e4sser von Bohinj wurden nicht von dem Einbringen der fremdl\u00e4ndischen \u2013 allochthonen Fischarten ausgenommen.<\/p>\n<p>Als erster wurde im Jahr 1943 der <strong>Seesaibling<\/strong> eingebracht. Er hat sich schnell angepasst, begann erfolgreich zu laichen und wurde zur zahlreichsten Forellenart im Bohinj See. Hier w\u00e4chst er bis zu 70&nbsp;cm und wiegt bis zu 4,6&nbsp;kg.<\/p>\n<p>Die <strong>Seesaiblinge<\/strong> halten sich am liebsten in der Fu\u017eina Bucht, in den Tiefen entlang von Pr\u0161ivec und in Ukanc an der M\u00fcndung von Savica auf. Er ern\u00e4hrt sich vom Seeplankton, Bodenorganismen und kleinen Fischen. Sie laichen im See in Oktober und November, das gr\u00f6\u00dfte Laichgebiet ist unter dem Govic Wasserfall.<\/p>\n<p>Ungeachtet dessen, das der <strong>Seesaibling<\/strong> ein fremdl\u00e4ndischer Fisch ist, ist er von gro\u00dfer Bedeutung f\u00fcr die Sportfischerei. Wegen seines kulinarischen Wertes muss er in Zukunft eine gr\u00f6\u00dfere Rolle im gastwirtschaftlichen Angebot von Bohinj bekommen.<\/p>\n<p>Die <strong>Regenbogenforelle<\/strong> wird in Sava eingebracht. In den letzten Jahren werden nur sterile Fische eingebracht. Trotzdem vermehrt sich die Regenbogenforelle in Bohinj nat\u00fcrlich.<\/p>\n<p>Der letzte Ank\u00f6mmling ist der <strong>Barsch<\/strong>. Er ist als K\u00f6der f\u00fcr die Seeforelle in den See gekommen und wurde, wie schon oft \u00fcberall in der Welt, aus dem K\u00f6der zum Besiedler vom See. Die Zahl der Barsche steigt. Weil er ein erfolgreicher Raubfisch ist, beeinflusst er schon die Population der Elritze, ebenso sind andere Fischpopulationen, die den See besiedeln, gef\u00e4hrdet.<\/p>\n","protected":false},"excerpt":{"rendered":"<p>Die Fischgesellschaft in Bohinj bestimmen der Bohinj See und der Sava Bohinjka Fluss. Die zwei ziemlich verschiedene Gew\u00e4sser bieten gute Lebensverh\u00e4ltnisse f\u00fcr verschiedene Fischarten. Einige Arten leben ausschlie\u00dflich im flie\u00dfenden Wasser, andere im stillen Seewasser, dritte wiederum leben in beiden Umgebungen. Seeforelle War bis zum Einbringen des Seesaiblings der dominante Fisch im Bohinj See. Die [&hellip;]<\/p>\n","protected":false},"author":1,"featured_media":0,"parent":0,"menu_order":0,"comment_status":"closed","ping_status":"closed","template":"","meta":{"ngg_post_thumbnail":0,"footnotes":""},"class_list":["post-209","page","type-page","status-publish","hentry"],"_links":{"self":[{"href":"https:\/\/rdbohinj.si\/de\/wp-json\/wp\/v2\/pages\/209","targetHints":{"allow":["GET"]}}],"collection":[{"href":"https:\/\/rdbohinj.si\/de\/wp-json\/wp\/v2\/pages"}],"about":[{"href":"https:\/\/rdbohinj.si\/de\/wp-json\/wp\/v2\/types\/page"}],"author":[{"embeddable":true,"href":"https:\/\/rdbohinj.si\/de\/wp-json\/wp\/v2\/users\/1"}],"replies":[{"embeddable":true,"href":"https:\/\/rdbohinj.si\/de\/wp-json\/wp\/v2\/comments?post=209"}],"version-history":[{"count":14,"href":"https:\/\/rdbohinj.si\/de\/wp-json\/wp\/v2\/pages\/209\/revisions"}],"predecessor-version":[{"id":225,"href":"https:\/\/rdbohinj.si\/de\/wp-json\/wp\/v2\/pages\/209\/revisions\/225"}],"wp:attachment":[{"href":"https:\/\/rdbohinj.si\/de\/wp-json\/wp\/v2\/media?parent=209"}],"curies":[{"name":"wp","href":"https:\/\/api.w.org\/{rel}","templated":true}]}}