{"id":114,"date":"2020-12-09T12:51:10","date_gmt":"2020-12-09T11:51:10","guid":{"rendered":"http:\/\/rdbohinj.si\/de\/?page_id=114"},"modified":"2020-12-15T09:44:01","modified_gmt":"2020-12-15T08:44:01","slug":"rd-bohinj","status":"publish","type":"page","link":"https:\/\/rdbohinj.si\/de\/","title":{"rendered":""},"content":{"rendered":"<div id=\"attachment_273\" style=\"width: 210px\" class=\"wp-caption alignright\"><img loading=\"lazy\" decoding=\"async\" aria-describedby=\"caption-attachment-273\" class=\"wp-image-273 size-medium\" src=\"http:\/\/rdbohinj.si\/wp-content\/uploads\/2020\/11\/DSC_0514-Large-200x300.jpg\" alt=\"\" width=\"200\" height=\"300\"><p id=\"caption-attachment-273\" class=\"wp-caption-text\">See Bohinj<\/p><\/div>\n<p class=\"p1\">Die Fischerfamilie Bohinj wurde am 31. Januar 1999 auf Initiative von zehn Enthusiasten aus Bohinj gegr\u00fcndet und fungierte zun\u00e4chst als Bohinj Fishing Association. Sp\u00e4ter wurde es auf Beschluss der Mitgliederversammlung in die <strong>Fischerfamilie Bohinj<\/strong> umbenannt und \u00fcbernahm die Leitung des <strong>Fischereibezirks Bohinj<\/strong>.<\/p>\n<p class=\"p1\">Neben dem Gr\u00fcndungsjahr war 2008 auch ein Wendepunkt. Zu dieser Zeit gew\u00e4hrte die Gemeinde Bohinj das Geb\u00e4ude direkt auf dem Land, wo die Mitglieder sp\u00e4ter mit dem Bau eines Fischerhauses und einer Fischfarm begannen. Im Oktober desselben Jahres wurde mit dem Landwirtschaftsministerium der Republik Slowenien ein Konzessionsabkommen unterzeichnet, auf dessen Grundlage die Bohinj-Angler das Recht und die Pflicht haben, das Bohinj-Fischereidistrikt f\u00fcr einen Zeitraum von <strong>30 Jahren<\/strong> zu verwalten.<\/p>\n<p class=\"p1\">Die Mission der Fischerfamilie Bohinj ist es, die saubere und unber\u00fchrte Natur zu bewahren, das Leben im Wasser zu pflegen, das Bewusstsein der Menschen (insbesondere der Jugendlichen) zu sch\u00e4rfen und das Bewusstsein f\u00fcr den Respekt vor der Natur und ihren Sch\u00f6nheiten zu verbreiten. Der Wunsch der Mitglieder der Fischerfamilie Bohinj ist es, auch in Zukunft Frieden und Zufriedenheit in der Natur zu finden.<\/p>\n<p class=\"p1\">Das Angeln in Bohinj hat eine reiche Geschichte. 1942 wurde in Bohinjska Bistrica in der N\u00e4he des damals sehr modernen Herrenhauses Zois eine der ersten Fischfarmen Europas errichtet. Erw\u00e4hnen wir auch die Fischfarm unterhalb von Pr\u0161ivec, in der jedes Jahr bis zu zwei Millionen \u00c4schen gez\u00fcchtet wurden. Sie wurden ausschlie\u00dflich mit Plankton gef\u00fcttert, das aus dem Bohinjer See entnommen wurde.<\/p>\n","protected":false},"excerpt":{"rendered":"<p>Die Fischerfamilie Bohinj wurde am 31. Januar 1999 auf Initiative von zehn Enthusiasten aus Bohinj gegr\u00fcndet und fungierte zun\u00e4chst als Bohinj Fishing Association. Sp\u00e4ter wurde es auf Beschluss der Mitgliederversammlung in die Fischerfamilie Bohinj umbenannt und \u00fcbernahm die Leitung des Fischereibezirks Bohinj. Neben dem Gr\u00fcndungsjahr war 2008 auch ein Wendepunkt. Zu dieser Zeit gew\u00e4hrte die [&hellip;]<\/p>\n","protected":false},"author":1,"featured_media":0,"parent":0,"menu_order":0,"comment_status":"closed","ping_status":"closed","template":"","meta":{"ngg_post_thumbnail":0,"footnotes":""},"class_list":["post-114","page","type-page","status-publish","hentry"],"_links":{"self":[{"href":"https:\/\/rdbohinj.si\/de\/wp-json\/wp\/v2\/pages\/114","targetHints":{"allow":["GET"]}}],"collection":[{"href":"https:\/\/rdbohinj.si\/de\/wp-json\/wp\/v2\/pages"}],"about":[{"href":"https:\/\/rdbohinj.si\/de\/wp-json\/wp\/v2\/types\/page"}],"author":[{"embeddable":true,"href":"https:\/\/rdbohinj.si\/de\/wp-json\/wp\/v2\/users\/1"}],"replies":[{"embeddable":true,"href":"https:\/\/rdbohinj.si\/de\/wp-json\/wp\/v2\/comments?post=114"}],"version-history":[{"count":7,"href":"https:\/\/rdbohinj.si\/de\/wp-json\/wp\/v2\/pages\/114\/revisions"}],"predecessor-version":[{"id":234,"href":"https:\/\/rdbohinj.si\/de\/wp-json\/wp\/v2\/pages\/114\/revisions\/234"}],"wp:attachment":[{"href":"https:\/\/rdbohinj.si\/de\/wp-json\/wp\/v2\/media?parent=114"}],"curies":[{"name":"wp","href":"https:\/\/api.w.org\/{rel}","templated":true}]}}